{"id":18831,"date":"2024-03-28T09:34:26","date_gmt":"2024-03-28T08:34:26","guid":{"rendered":"https:\/\/www.serix.com.pl\/?page_id=18831"},"modified":"2024-07-29T12:34:02","modified_gmt":"2024-07-29T10:34:02","slug":"oferta-wzorniki-kolorow-farb","status":"publish","type":"page","link":"https:\/\/www.serix.com.pl\/index.php\/oferta-wzorniki-kolorow-farb\/","title":{"rendered":"Oferta &#8211; Wzorniki Kolor\u00f3w Farb"},"content":{"rendered":"\t\t<div data-elementor-type=\"wp-page\" data-elementor-id=\"18831\" class=\"elementor elementor-18831\" data-elementor-post-type=\"page\">\n\t\t\t\t\t\t<section class=\"elementor-section elementor-top-section elementor-element elementor-element-6573994b qode_elementor_container_inner elementor-section-boxed elementor-section-height-default elementor-section-height-default parallax_section_no\" data-id=\"6573994b\" data-element_type=\"section\">\n\t\t\t\t\t\t<div class=\"elementor-container elementor-column-gap-default\">\n\t\t\t\t\t<div class=\"elementor-column elementor-col-50 elementor-top-column elementor-element elementor-element-22cd7047\" data-id=\"22cd7047\" data-element_type=\"column\">\n\t\t\t<div class=\"elementor-widget-wrap elementor-element-populated\">\n\t\t\t\t\t\t<div class=\"elementor-element elementor-element-166832c2 elementor-widget elementor-widget-text-editor\" data-id=\"166832c2\" data-element_type=\"widget\" data-widget_type=\"text-editor.default\">\n\t\t\t\t<div class=\"elementor-widget-container\">\n\t\t\t<style>\/*! elementor - v3.23.0 - 15-07-2024 *\/\n.elementor-widget-text-editor.elementor-drop-cap-view-stacked .elementor-drop-cap{background-color:#69727d;color:#fff}.elementor-widget-text-editor.elementor-drop-cap-view-framed .elementor-drop-cap{color:#69727d;border:3px solid;background-color:transparent}.elementor-widget-text-editor:not(.elementor-drop-cap-view-default) .elementor-drop-cap{margin-top:8px}.elementor-widget-text-editor:not(.elementor-drop-cap-view-default) .elementor-drop-cap-letter{width:1em;height:1em}.elementor-widget-text-editor .elementor-drop-cap{float:left;text-align:center;line-height:1;font-size:50px}.elementor-widget-text-editor .elementor-drop-cap-letter{display:inline-block}<\/style>\t\t\t\t<h2 style=\"text-align: center;\">WZORNIKI KOLOR\u00d3W FARB<\/h2>\t\t\t\t\t\t<\/div>\n\t\t\t\t<\/div>\n\t\t\t\t<div class=\"elementor-element elementor-element-72eebf9f elementor-widget-divider--view-line elementor-widget elementor-widget-divider\" data-id=\"72eebf9f\" data-element_type=\"widget\" data-widget_type=\"divider.default\">\n\t\t\t\t<div class=\"elementor-widget-container\">\n\t\t\t<style>\/*! elementor - v3.23.0 - 15-07-2024 *\/\n.elementor-widget-divider{--divider-border-style:none;--divider-border-width:1px;--divider-color:#0c0d0e;--divider-icon-size:20px;--divider-element-spacing:10px;--divider-pattern-height:24px;--divider-pattern-size:20px;--divider-pattern-url:none;--divider-pattern-repeat:repeat-x}.elementor-widget-divider .elementor-divider{display:flex}.elementor-widget-divider .elementor-divider__text{font-size:15px;line-height:1;max-width:95%}.elementor-widget-divider .elementor-divider__element{margin:0 var(--divider-element-spacing);flex-shrink:0}.elementor-widget-divider .elementor-icon{font-size:var(--divider-icon-size)}.elementor-widget-divider .elementor-divider-separator{display:flex;margin:0;direction:ltr}.elementor-widget-divider--view-line_icon .elementor-divider-separator,.elementor-widget-divider--view-line_text .elementor-divider-separator{align-items:center}.elementor-widget-divider--view-line_icon .elementor-divider-separator:after,.elementor-widget-divider--view-line_icon .elementor-divider-separator:before,.elementor-widget-divider--view-line_text .elementor-divider-separator:after,.elementor-widget-divider--view-line_text .elementor-divider-separator:before{display:block;content:\"\";border-block-end:0;flex-grow:1;border-block-start:var(--divider-border-width) var(--divider-border-style) var(--divider-color)}.elementor-widget-divider--element-align-left .elementor-divider .elementor-divider-separator>.elementor-divider__svg:first-of-type{flex-grow:0;flex-shrink:100}.elementor-widget-divider--element-align-left .elementor-divider-separator:before{content:none}.elementor-widget-divider--element-align-left .elementor-divider__element{margin-left:0}.elementor-widget-divider--element-align-right .elementor-divider .elementor-divider-separator>.elementor-divider__svg:last-of-type{flex-grow:0;flex-shrink:100}.elementor-widget-divider--element-align-right .elementor-divider-separator:after{content:none}.elementor-widget-divider--element-align-right .elementor-divider__element{margin-right:0}.elementor-widget-divider--element-align-start .elementor-divider .elementor-divider-separator>.elementor-divider__svg:first-of-type{flex-grow:0;flex-shrink:100}.elementor-widget-divider--element-align-start .elementor-divider-separator:before{content:none}.elementor-widget-divider--element-align-start .elementor-divider__element{margin-inline-start:0}.elementor-widget-divider--element-align-end .elementor-divider .elementor-divider-separator>.elementor-divider__svg:last-of-type{flex-grow:0;flex-shrink:100}.elementor-widget-divider--element-align-end .elementor-divider-separator:after{content:none}.elementor-widget-divider--element-align-end .elementor-divider__element{margin-inline-end:0}.elementor-widget-divider:not(.elementor-widget-divider--view-line_text):not(.elementor-widget-divider--view-line_icon) .elementor-divider-separator{border-block-start:var(--divider-border-width) var(--divider-border-style) var(--divider-color)}.elementor-widget-divider--separator-type-pattern{--divider-border-style:none}.elementor-widget-divider--separator-type-pattern.elementor-widget-divider--view-line .elementor-divider-separator,.elementor-widget-divider--separator-type-pattern:not(.elementor-widget-divider--view-line) .elementor-divider-separator:after,.elementor-widget-divider--separator-type-pattern:not(.elementor-widget-divider--view-line) .elementor-divider-separator:before,.elementor-widget-divider--separator-type-pattern:not([class*=elementor-widget-divider--view]) .elementor-divider-separator{width:100%;min-height:var(--divider-pattern-height);-webkit-mask-size:var(--divider-pattern-size) 100%;mask-size:var(--divider-pattern-size) 100%;-webkit-mask-repeat:var(--divider-pattern-repeat);mask-repeat:var(--divider-pattern-repeat);background-color:var(--divider-color);-webkit-mask-image:var(--divider-pattern-url);mask-image:var(--divider-pattern-url)}.elementor-widget-divider--no-spacing{--divider-pattern-size:auto}.elementor-widget-divider--bg-round{--divider-pattern-repeat:round}.rtl .elementor-widget-divider .elementor-divider__text{direction:rtl}.e-con-inner>.elementor-widget-divider,.e-con>.elementor-widget-divider{width:var(--container-widget-width,100%);--flex-grow:var(--container-widget-flex-grow)}<\/style>\t\t<div class=\"elementor-divider\">\n\t\t\t<span class=\"elementor-divider-separator\">\n\t\t\t\t\t\t<\/span>\n\t\t<\/div>\n\t\t\t\t<\/div>\n\t\t\t\t<\/div>\n\t\t\t\t<div class=\"elementor-element elementor-element-2a79a20d elementor-widget elementor-widget-text-editor\" data-id=\"2a79a20d\" data-element_type=\"widget\" data-widget_type=\"text-editor.default\">\n\t\t\t\t<div class=\"elementor-widget-container\">\n\t\t\t\t\t\t\t<p><strong>J<\/strong>este\u015bmy jedn\u0105 z niewielu firm na rynku europejskim, kt\u00f3ra wykonuje profesjonalne wzorniki i karty kolor\u00f3w w oparciu o w\u0142asne know \u2013 how i do\u015bwiadczenie zdobyte w bran\u017cy poligraficznej. Produkty te s\u0105 wykonywane przewa\u017cnie na indywidualne zam\u00f3wienia najwi\u0119kszych na rynku producent\u00f3w chemii budowlanej (farb i lakier\u00f3w, tynk\u00f3w, zapraw klejowych, fug i spoin do ceramiki, silikon\u00f3w). Produkcja odbywa si\u0119 z zachowaniem ca\u0142kowitej kontroli spektrofotometrycznej kolor\u00f3w, kt\u00f3re s\u0105 bardzo dok\u0142adnie odwzorowane w stosunku do wzorc\u00f3w Klienta. Dodatkowo zapewniamy w\u0142a\u015bciwe wyb\u0142yszczenie odwzorowywanych pr\u00f3bek kolor\u00f3w. Oferujemy wykonanie szerokiej gamy oprawy graficznej produkowanych wyrob\u00f3w, od standardowych, do 3D. Potrafimy wdro\u017cy\u0107 do produkcji nawet najbardziej wyrafinowane i skomplikowane projekty naszych Klient\u00f3w.<\/p>\t\t\t\t\t\t<\/div>\n\t\t\t\t<\/div>\n\t\t\t\t\t<\/div>\n\t\t<\/div>\n\t\t\t\t<div class=\"elementor-column elementor-col-50 elementor-top-column elementor-element elementor-element-69ddf6f2\" data-id=\"69ddf6f2\" data-element_type=\"column\">\n\t\t\t<div class=\"elementor-widget-wrap elementor-element-populated\">\n\t\t\t\t\t\t<div class=\"elementor-element elementor-element-3642b9c2 elementor-invisible elementor-widget elementor-widget-image\" data-id=\"3642b9c2\" data-element_type=\"widget\" data-settings=\"{&quot;_animation&quot;:&quot;fadeInRight&quot;,&quot;_animation_delay&quot;:0.3}\" data-widget_type=\"image.default\">\n\t\t\t\t<div class=\"elementor-widget-container\">\n\t\t\t<style>\/*! elementor - v3.23.0 - 15-07-2024 *\/\n.elementor-widget-image{text-align:center}.elementor-widget-image a{display:inline-block}.elementor-widget-image a img[src$=\".svg\"]{width:48px}.elementor-widget-image img{vertical-align:middle;display:inline-block}<\/style>\t\t\t\t\t\t\t\t\t\t<img loading=\"lazy\" decoding=\"async\" width=\"512\" height=\"512\" src=\"https:\/\/www.serix.com.pl\/wp-content\/uploads\/2024\/03\/cropped-serix-logo.png\" class=\"attachment-full size-full wp-image-18505\" alt=\"\" srcset=\"https:\/\/www.serix.com.pl\/wp-content\/uploads\/2024\/03\/cropped-serix-logo.png 512w, https:\/\/www.serix.com.pl\/wp-content\/uploads\/2024\/03\/cropped-serix-logo-300x300.png 300w, https:\/\/www.serix.com.pl\/wp-content\/uploads\/2024\/03\/cropped-serix-logo-150x150.png 150w, https:\/\/www.serix.com.pl\/wp-content\/uploads\/2024\/03\/cropped-serix-logo-500x500.png 500w, https:\/\/www.serix.com.pl\/wp-content\/uploads\/2024\/03\/cropped-serix-logo-270x270.png 270w, https:\/\/www.serix.com.pl\/wp-content\/uploads\/2024\/03\/cropped-serix-logo-192x192.png 192w, https:\/\/www.serix.com.pl\/wp-content\/uploads\/2024\/03\/cropped-serix-logo-180x180.png 180w, https:\/\/www.serix.com.pl\/wp-content\/uploads\/2024\/03\/cropped-serix-logo-32x32.png 32w\" sizes=\"auto, (max-width: 512px) 100vw, 512px\" \/>\t\t\t\t\t\t\t\t\t\t\t\t\t<\/div>\n\t\t\t\t<\/div>\n\t\t\t\t\t<\/div>\n\t\t<\/div>\n\t\t\t\t\t<\/div>\n\t\t<\/section>\n\t\t\t\t<section class=\"elementor-section elementor-top-section elementor-element elementor-element-e9f94fb qode_elementor_container_inner elementor-section-boxed elementor-section-height-default elementor-section-height-default parallax_section_no\" data-id=\"e9f94fb\" data-element_type=\"section\">\n\t\t\t\t\t\t<div class=\"elementor-container elementor-column-gap-default\">\n\t\t\t\t\t<div class=\"elementor-column elementor-col-100 elementor-top-column elementor-element elementor-element-47f7431\" data-id=\"47f7431\" data-element_type=\"column\">\n\t\t\t<div class=\"elementor-widget-wrap elementor-element-populated\">\n\t\t\t\t\t\t<div class=\"elementor-element elementor-element-92aabc7 elementor-widget elementor-widget-text-editor\" data-id=\"92aabc7\" data-element_type=\"widget\" data-widget_type=\"text-editor.default\">\n\t\t\t\t<div class=\"elementor-widget-container\">\n\t\t\t\t\t\t\t<h2 style=\"text-align: center;\">NASZA OFERTA<\/h2>\t\t\t\t\t\t<\/div>\n\t\t\t\t<\/div>\n\t\t\t\t<div class=\"elementor-element elementor-element-39c8191 elementor-widget elementor-widget-bridge_old_tab\" data-id=\"39c8191\" data-element_type=\"widget\" data-widget_type=\"bridge_old_tab.default\">\n\t\t\t\t<div class=\"elementor-widget-container\">\n\t\t\t\n        <div class=\"q_tabs horizontal left\">\n            <ul class=\"tabs-nav\">\n                <li>\n    <a href=\"#tab-1525390358\">wzorniki listkowe<\/a>\n<\/li><li>\n    <a href=\"#tab-1167570708\">wzorniki ze struktur\u0105<\/a>\n<\/li><li>\n    <a href=\"#tab-1317034499\">Karty kolor\u00f3w<\/a>\n<\/li><li>\n    <a href=\"#tab-1962796367\">wzorniki nietypowe<\/a>\n<\/li><li>\n    <a href=\"#tab-379809711\">standy, prezentery, tablice<\/a>\n<\/li>            <\/ul>\n            <div class=\"tabs-container\">\n                <div id=\"tab-1525390358\" class=\"tab-content\">\n    <p><strong>P<\/strong>odstawowym produktem naszej drukarni s\u0105 wzorniki listkowe, kt\u00f3re wykonywane s\u0105 w r\u00f3\u017cnych wariantach. Istnieje mo\u017cliwo\u015b\u0107 zastosowania r\u00f3\u017cnych wymiar\u00f3w oraz ilo\u015bci kolor\u00f3w na poszczeg\u00f3lnych listkach z wzorami kolorystycznymi.<\/p><\/div><div id=\"tab-1167570708\" class=\"tab-content\">\n    <p><strong>R<\/strong>ozszerzeniem oferty wzornik\u00f3w listkowych s\u0105 wzorniki listkowe z zastosowaniem farb imituj\u0105cych struktur\u0119 tynku. Wzorniki te posiadaj\u0105 wszystkie cechy wzornik\u00f3w listkowych lecz zastosowana metoda aplikacji farby sprawia, i\u017c s\u0105 one atrakcyjniejsze dla klient\u00f3w. Ka\u017cdy aplikowany kolor we wzorniku jest starannie odwzorowany co sprawia, \u017ce jest on identyczny z wzorcowym.<\/p><\/div><div id=\"tab-1317034499\" class=\"tab-content\">\n    <p><strong>W<\/strong>\u00a0naszej ofercie wykonujemy karty kolor\u00f3w posiadaj\u0105ce poddruk offsetowy, na kt\u00f3rych aplikowane s\u0105 odpowiednie kolory. W kartach tych istnieje pe\u0142na dowolno\u015b\u0107 co do formatu, ilo\u015bci aplikacji oraz ilo\u015bci stron. Wszystkie kolory s\u0105 kontrolowane spektofotometrycznie co zapewnia wierne odwzorowanie do orygina\u0142u. W kartach tych stosuje si\u0119 typowe wyko\u0144czenie introligatorskie jak dla reklamowych druk\u00f3w offsetowych np.: laminowanie foli\u0105, lakier UV, itp.<\/p><\/div><div id=\"tab-1962796367\" class=\"tab-content\">\n    <p><strong>W<\/strong>ychodz\u0105c na przeciw oczekiwaniom klient\u00f3w wykonujemy nietypowe prace. Do wzornik\u00f3w nietypowych zaliczamy: wzorniki fug i spoin, wzorniki samoprzylepne, wzorniki tynk\u00f3w.<\/p><\/div><div id=\"tab-379809711\" class=\"tab-content\">\n    <p><strong>D<\/strong>rukarnia \u201eSerix-Bis\u201d jest producentem tablic i prezenter\u00f3w kolor\u00f3w. Tablice wykonane z tektury kaszerowanej posiadaj\u0105 aplikacje wklejane lub drukowane. Istnieje dowolno\u015b\u0107 wymiar\u00f3w oraz wyko\u0144czenia tablic co sprawia, \u017ce produkt ten jest bardzo atrakcyjny jako prezenter kolor\u00f3w w punktach sprzeda\u017cy detalicznej. Aplikacje na tablicach mog\u0119 posiada\u0107 dowolny wymiar i rozk\u0142ad. Istnieje mo\u017cliwo\u015b\u0107 zastosowania aplikacji z oryginalnymi produktami firm, co daje precyzyjny pogl\u0105d.<\/p><\/div>            <\/div>\n        <\/div>\n\n        \t\t<\/div>\n\t\t\t\t<\/div>\n\t\t\t\t\t<\/div>\n\t\t<\/div>\n\t\t\t\t\t<\/div>\n\t\t<\/section>\n\t\t<div class=\"elementor-element elementor-element-79427ec e-flex e-con-boxed parallax_section_no qode_elementor_container_no e-con e-parent\" data-id=\"79427ec\" data-element_type=\"container\">\n\t\t\t\t\t<div class=\"e-con-inner\">\n\t\t\t\t<div class=\"elementor-element elementor-element-6185bcc elementor-widget elementor-widget-text-editor\" data-id=\"6185bcc\" data-element_type=\"widget\" data-widget_type=\"text-editor.default\">\n\t\t\t\t<div class=\"elementor-widget-container\">\n\t\t\t\t\t\t\t<h2 style=\"text-align: center;\">PRZEDSTAWICIELSTWO I DYSTRYBUCJA WZORNIK\u00d3W RAL<\/h2>\t\t\t\t\t\t<\/div>\n\t\t\t\t<\/div>\n\t\t\t\t<div class=\"elementor-element elementor-element-63b0bff elementor-widget elementor-widget-text-editor\" data-id=\"63b0bff\" data-element_type=\"widget\" data-widget_type=\"text-editor.default\">\n\t\t\t\t<div class=\"elementor-widget-container\">\n\t\t\t\t\t\t\t<p align=\"justify\"><strong>\u00a0\u00a0R<\/strong>AL CLASSIC jest podstawow\u0105 kolekcj\u0105 kolor\u00f3w, kt\u00f3ra zawiera 213 barw. Kolory oznaczone s\u0105 4-ro cyfrowym numerem kodowym oraz nazw\u0105 potoczn\u0105. Kolekcja przeznaczona jest przede wszystkim dla producent\u00f3w barw, kt\u00f3rzy korzystaj\u0105 z kart 850-HR i 841-GL. Dla u\u017cytkownik\u00f3w, kt\u00f3rzy nie trudni\u0105 si\u0119 produkcj\u0105 farb proponujemy wzorniki K5, K7, K1 oraz kart\u0119 kolor\u00f3w F5.<\/p>\t\t\t\t\t\t<\/div>\n\t\t\t\t<\/div>\n\t\t\t\t<div class=\"elementor-element elementor-element-cde9245 elementor-widget elementor-widget-bridge_pricing_tables\" data-id=\"cde9245\" data-element_type=\"widget\" data-widget_type=\"bridge_pricing_tables.default\">\n\t\t\t\t<div class=\"elementor-widget-container\">\n\t\t\t\n        <div class=\"qode_pricing_tables clearfix three_columns\">\n\n        <div class='q_price_table  qode_pricing_table_standard'><div class='price_table_inner'><ul><li class='cell table_title'><h3 class='qode_title_content_new'>Wzornik RAL K7 Classic<\/h3><li class='prices'><div class='price_in_table'><sup class='value'><\/sup><span class='price'>Cena<\/span><span class='mark'>brutto \/ szt.<\/span><\/div><\/li><li class='pricing_table_content'><ul><li>Ilo\u015b\u0107 kolor\u00f3w:\u00a0<strong>213<\/strong><\/li><li>Wielko\u015b\u0107 wzornika: <strong>50x150mm<\/strong><\/li><li>Wielko\u015b\u0107 pr\u00f3bki: <strong>20x50mm<\/strong><\/li><li>Ilo\u015b\u0107 pr\u00f3bek na listku:\u00a0<strong>5<\/strong><\/li><li>Rodzaj pr\u00f3bki:\u00a0<strong>po\u0142ysk<\/strong><\/li><\/ul><p>\u00a0<\/p><\/li><li class='price_button'><a itemprop='url' class='qbutton white medium' href='https:\/\/www.serix.com.pl\/index.php\/home-7\/contact\/' target='_self'>Zapytaj o cen\u0119<\/a><\/li><\/ul><\/div><\/div><div class='q_price_table  qode_pricing_table_standard'><div class='price_table_inner'><ul><li class='cell table_title'><h3 class='qode_title_content_new'>Wzornik RAL K5 Classic<\/h3><li class='prices'><div class='price_in_table'><sup class='value'><\/sup><span class='price'>Cena<\/span><span class='mark'>brutto \/ szt.<\/span><\/div><\/li><li class='pricing_table_content'><ul><li>Ilo\u015b\u0107 kolor\u00f3w:\u00a0<strong>213<\/strong><\/li><li>Wielko\u015b\u0107 wzornika: <strong>50x150mm<\/strong><\/li><li>Wielko\u015b\u0107 pr\u00f3bki:\u00a0<strong>ca\u0142o\u015b\u0107 listka<\/strong><\/li><li>Ilo\u015b\u0107 pr\u00f3bek na listku:\u00a0<strong>1<\/strong><\/li><li>Rodzaj pr\u00f3bki:\u00a0<strong>po\u0142ysk lub p\u00f3\u0142mat<\/strong><\/li><\/ul><\/li><li class='price_button'><a itemprop='url' class='qbutton white medium' href='https:\/\/www.serix.com.pl\/index.php\/home-7\/contact\/' target='_self'>Zapytaj o cen\u0119<\/a><\/li><\/ul><\/div><\/div><div class='q_price_table  qode_pricing_table_standard'><div class='price_table_inner'><ul><li class='cell table_title'><h3 class='qode_title_content_new'>WZORNIK RAL-SERIX<\/h3><li class='prices'><div class='price_in_table'><sup class='value'><\/sup><span class='price'>Cena<\/span><span class='mark'>brutto \/ szt.<\/span><\/div><\/li><li class='pricing_table_content'><ul><li>Ilo\u015b\u0107 kolor\u00f3w:\u00a0<strong>213<\/strong><\/li><li>Wielko\u015b\u0107 wzornika:\u00a0<strong>60x200mm<\/strong><\/li><li>Wielko\u015b\u0107 pr\u00f3bki: <strong>23x60mm<\/strong><\/li><li>Ilo\u015b\u0107 pr\u00f3bek na listku:\u00a0<strong>6<br \/><\/strong><\/li><li>Rodzaj pr\u00f3bki:\u00a0<strong>po\u0142ysk<\/strong><\/li><\/ul><\/li><li class='price_button'><a itemprop='url' class='qbutton white medium' href='https:\/\/www.serix.com.pl\/index.php\/home-7\/contact\/' target='_self'>Zapytaj o cen\u0119<\/a><\/li><\/ul><\/div><\/div>\n        <\/div>\n\n        \t\t<\/div>\n\t\t\t\t<\/div>\n\t\t\t\t\t<\/div>\n\t\t\t\t<\/div>\n\t\t\t\t<\/div>\n\t\t","protected":false},"excerpt":{"rendered":"<p>WZORNIKI KOLOR\u00d3W FARB Jeste\u015bmy jedn\u0105 z niewielu firm na rynku europejskim, kt\u00f3ra wykonuje profesjonalne wzorniki i karty kolor\u00f3w w oparciu o w\u0142asne know \u2013 how i do\u015bwiadczenie zdobyte w bran\u017cy poligraficznej. Produkty te s\u0105 wykonywane przewa\u017cnie na indywidualne zam\u00f3wienia najwi\u0119kszych na rynku producent\u00f3w chemii budowlanej&#8230;<\/p>\n","protected":false},"author":1,"featured_media":0,"parent":0,"menu_order":0,"comment_status":"open","ping_status":"closed","template":"full_width.php","meta":{"content-type":"","footnotes":""},"class_list":["post-18831","page","type-page","status-publish","hentry"],"_links":{"self":[{"href":"https:\/\/www.serix.com.pl\/index.php\/wp-json\/wp\/v2\/pages\/18831","targetHints":{"allow":["GET"]}}],"collection":[{"href":"https:\/\/www.serix.com.pl\/index.php\/wp-json\/wp\/v2\/pages"}],"about":[{"href":"https:\/\/www.serix.com.pl\/index.php\/wp-json\/wp\/v2\/types\/page"}],"author":[{"embeddable":true,"href":"https:\/\/www.serix.com.pl\/index.php\/wp-json\/wp\/v2\/users\/1"}],"replies":[{"embeddable":true,"href":"https:\/\/www.serix.com.pl\/index.php\/wp-json\/wp\/v2\/comments?post=18831"}],"version-history":[{"count":1,"href":"https:\/\/www.serix.com.pl\/index.php\/wp-json\/wp\/v2\/pages\/18831\/revisions"}],"predecessor-version":[{"id":21580,"href":"https:\/\/www.serix.com.pl\/index.php\/wp-json\/wp\/v2\/pages\/18831\/revisions\/21580"}],"wp:attachment":[{"href":"https:\/\/www.serix.com.pl\/index.php\/wp-json\/wp\/v2\/media?parent=18831"}],"curies":[{"name":"wp","href":"https:\/\/api.w.org\/{rel}","templated":true}]}}