{"id":19671,"date":"2024-05-08T08:31:04","date_gmt":"2024-05-08T06:31:04","guid":{"rendered":"https:\/\/www.serix.com.pl\/?page_id=19671"},"modified":"2025-12-18T11:57:18","modified_gmt":"2025-12-18T10:57:18","slug":"technolog","status":"publish","type":"page","link":"https:\/\/www.serix.com.pl\/index.php\/technolog\/","title":{"rendered":"Technolog Wtrysku (k\/m)"},"content":{"rendered":"\t\t<div data-elementor-type=\"wp-page\" data-elementor-id=\"19671\" class=\"elementor elementor-19671\" data-elementor-post-type=\"page\">\n\t\t\t\t\t\t<section class=\"elementor-section elementor-top-section elementor-element elementor-element-28940f98 elementor-section-boxed elementor-section-height-default elementor-section-height-default parallax_section_no qode_elementor_container_no\" data-id=\"28940f98\" data-element_type=\"section\" data-settings=\"{&quot;background_background&quot;:&quot;classic&quot;}\">\n\t\t\t\t\t\t<div class=\"elementor-container elementor-column-gap-no\">\n\t\t\t\t\t<div class=\"elementor-column elementor-col-100 elementor-top-column elementor-element elementor-element-1b6be843\" data-id=\"1b6be843\" data-element_type=\"column\">\n\t\t\t<div class=\"elementor-widget-wrap elementor-element-populated\">\n\t\t\t\t\t\t<div class=\"elementor-element elementor-element-d715c53 elementor-widget elementor-widget-text-editor\" data-id=\"d715c53\" data-element_type=\"widget\" data-widget_type=\"text-editor.default\">\n\t\t\t\t<div class=\"elementor-widget-container\">\n\t\t\t<style>\/*! elementor - v3.23.0 - 15-07-2024 *\/\n.elementor-widget-text-editor.elementor-drop-cap-view-stacked .elementor-drop-cap{background-color:#69727d;color:#fff}.elementor-widget-text-editor.elementor-drop-cap-view-framed .elementor-drop-cap{color:#69727d;border:3px solid;background-color:transparent}.elementor-widget-text-editor:not(.elementor-drop-cap-view-default) .elementor-drop-cap{margin-top:8px}.elementor-widget-text-editor:not(.elementor-drop-cap-view-default) .elementor-drop-cap-letter{width:1em;height:1em}.elementor-widget-text-editor .elementor-drop-cap{float:left;text-align:center;line-height:1;font-size:50px}.elementor-widget-text-editor .elementor-drop-cap-letter{display:inline-block}<\/style>\t\t\t\t<p>Jeste\u015bmy firm\u0105 dzia\u0142aj\u0105c\u0105 od 1985 r. na rynku poligraficznym, a od 2003 r. r\u00f3wnie\u017c w bran\u017cy przetw\u00f3rstwa tworzyw sztucznych. W zwi\u0105zku z dynamicznym rozwojem poszukujemy kandydata na stanowisko:<\/p>\n<ul>\n<li><strong>TECHNOLOG&nbsp;<\/strong><span style=\"background-color: rgb(255, 255, 255); font-weight: 700;\">(k\/m)<\/span><\/li>\n<\/ul>\n<div><b>&nbsp;<\/b><\/div>\n<p><strong>MIEJSCE PRACY:<\/strong><\/p>\n<ul>\n<li><strong>MYSZK\u00d3W<\/strong><\/li>\n<\/ul>\n<div><b>&nbsp;<\/b><\/div>\n<p><strong>OFERUJEMY:<\/strong><\/p>\n<ul>\n<li>Prac\u0119 w nowoczesnej i dobrze zorganizowanej fabryce, z zaawansowanym systemem jako\u015bci, zapewniaj\u0105cej najwy\u017csze standardy bezpiecze\u0144stwa,<\/li>\n<li>Stabilne zatrudnienie w oparciu o umow\u0119 o prac\u0119,<\/li>\n<li>Wdro\u017cenie do pracy na stanowisku pod okiem do\u015bwiadczonych wsp\u00f3\u0142pracownik\u00f3w,<\/li>\n<li>Wynagrodzenie : <b>6605,76 z\u0142 \u2013 8550,04 z\u0142 brutto<\/b>,<\/li>\n<li>Dofinansowanie do karty Multisport.<\/li>\n<\/ul>\n<div>&nbsp;<\/div>\n<p><strong>OBOWI\u0104ZKI:<\/strong><\/p>\n<ul>\n<li>Opracowywanie i wdra\u017canie parametr\u00f3w proces\u00f3w wtrysku dla nowych wyrob\u00f3w i form,<\/li>\n<li>Tworzenie i aktualizacja dokumentacji technologicznej (karty ustawie\u0144, instrukcje, schematy form),<\/li>\n<li>Optymalizacja istniej\u0105cych proces\u00f3w pod k\u0105tem wydajno\u015bci, jako\u015bci, zu\u017cycia materia\u0142u i czasu cyklu,<\/li>\n<li>Dob\u00f3r odpowiednich materia\u0142\u00f3w i surowc\u00f3w do danego wyrobu (tworzywa, dodatki, barwniki),<\/li>\n<li>Udzia\u0142 w testach i uruchomieniach nowych form wtryskowych oraz analiza wynik\u00f3w pr\u00f3b,<\/li>\n<li>Wsp\u00f3\u0142praca z dzia\u0142ami produkcji, jako\u015bci, utrzymania ruchu i R&amp;D przy wdra\u017caniu nowych projekt\u00f3w,<\/li>\n<li>Rozwi\u0105zywanie problem\u00f3w technologicznych w bie\u017c\u0105cej produkcji (np. wady wyprasek, niestabilno\u015b\u0107 procesu),<\/li>\n<li>Analiza danych procesowych i raportowanie wska\u017anik\u00f3w technologicznych (OEE, scrap rate, czas cyklu),<\/li>\n<li>Szkolenie operator\u00f3w i ustawiaczy z zakresu obs\u0142ugi procesu zgodnie z wytycznymi technologicznymi,<\/li>\n<li>Udzia\u0142 w dzia\u0142aniach doskonal\u0105cych,<\/li>\n<li>Zapewnienie zgodno\u015bci proces\u00f3w z wymaganiami norm jako\u015bciowych<\/li>\n<\/ul>\n<p><strong>WYMAGANIA:<\/strong><\/p>\n<ul>\n<li>Wykszta\u0142cenie techniczne (preferowane kierunki: przetw\u00f3rstwo tworzyw sztucznych, in\u017cynieria produkcji),<\/li>\n<li>Minimum rok do\u015bwiadczenia na stanowisku technologa lub pokrewnym w obszarze przetw\u00f3rstwa tworzyw sztucznych<\/li>\n<li>Praktyczna znajomo\u015b\u0107 proces\u00f3w wtrysku oraz r\u00f3\u017cnych rodzaj\u00f3w tworzyw (PP, ABS, PA, PC, itp.),<\/li>\n<li>Umiej\u0119tno\u015b\u0107 doboru parametr\u00f3w procesu i optymalizacji ustawie\u0144 maszyn wtryskowych,<\/li>\n<li>Znajomo\u015b\u0107 dokumentacji technicznej: rysunki techniczne, karty ustawie\u0144, schematy form,<\/li>\n<li>Do\u015bwiadczenie w uruchamianiu i wdra\u017caniu nowych form wtryskowych oraz rozwi\u0105zywaniu problem\u00f3w produkcyjnych,<\/li>\n<li>Znajomo\u015b\u0107 metod i narz\u0119dzi optymalizacji produkcji: SMED, 5WHY, analiza cyklu,<\/li>\n<li>Umiej\u0119tno\u015b\u0107 analitycznego my\u015blenia i pracy z danymi technologicznymi,<\/li>\n<li>Dobra organizacja pracy w\u0142asnej, dok\u0142adno\u015b\u0107 i samodzielno\u015b\u0107 w dzia\u0142aniu,<\/li>\n<li>Komunikatywno\u015b\u0107 i umiej\u0119tno\u015b\u0107 pracy w interdyscyplinarnym zespole (produkcja, jako\u015b\u0107, utrzymanie ruchu, R&amp;D),<\/li>\n<li>Gotowo\u015b\u0107 do pracy w trybie zmianowym lub dy\u017cur\u00f3w technologicznych \u2013 je\u015bli wymagane przez firm\u0119.<\/li>\n<\/ul>\n<div>&nbsp;<\/div>\n<p><strong>Prosimy o dopisanie nast\u0119puj\u0105cej klauzuli w CV:<\/strong><\/p>\n<p>\u201eWyra\u017cam zgod\u0119 na przetwarzanie moich danych osobowych przez firm\u0119 Serix na potrzeby niniejszego procesu rekrutacyjnego oraz przysz\u0142ych rekrutacji zgodnie z tre\u015bci\u0105 art. 6 ust. 1 lit. a RODO (Og\u00f3lnego Rozporz\u0105dzenia o Ochronie Danych z dnia 27 kwietnia 2016 roku).<br>Aplikacje bez zawartej zgody nie b\u0119d\u0105 rozpatrywane.<\/p>\n<p><strong>R\u00f3wnocze\u015bnie o\u015bwiadczam, \u017ce poinformowano mnie, i\u017c:<\/strong><\/p>\n<ul>\n<li>Administratorem moich danych osobowych jest firma Serix Waldemar Kitala z siedzib\u0105 w Myszkowie ul. Ko\u015bciuszki 8.<\/li>\n<li>Podanie danych osobowych wykraczaj\u0105cych poza art. 22 Kodeksu pracy jest dobrowolne dlatego zgadzam si\u0119 na ich przetwarzanie na podstawie art. 6 ust. 1 lit. a oraz art. 9 ust. 2 lit. a GDPR (RODO)<\/li>\n<li>Mam prawo do dost\u0119pu do swoich danych, jak r\u00f3wnie\u017c ich sprostowania, usuni\u0119cia lub ograniczenia przetwarzania.<\/li>\n<li>Mam prawo do wycofania zgody w ka\u017cdym momencie poprzez wys\u0142anie stosownej pro\u015bby na adres mailowy firmy.<\/li>\n<li>Moje dane osobowe b\u0119d\u0105 przetwarzane przez Administratora danych do czasu zako\u0144czenia proces\u00f3w rekrutacyjnych, chyba \u017ce wcze\u015bniej wycofam swoj\u0105 zgod\u0119 zgodnie ze znan\u0105 mi procedur\u0105.<\/li>\n<\/ul>\n<p><strong>&nbsp;<\/strong><\/p>\n<p><strong>&nbsp;<\/strong><\/p>\t\t\t\t\t\t<\/div>\n\t\t\t\t<\/div>\n\t\t\t\t\t<\/div>\n\t\t<\/div>\n\t\t\t\t\t<\/div>\n\t\t<\/section>\n\t\t<div class=\"elementor-element elementor-element-b2f5023 e-flex e-con-boxed parallax_section_no qode_elementor_container_no e-con e-parent\" data-id=\"b2f5023\" data-element_type=\"container\" data-settings=\"{&quot;background_background&quot;:&quot;classic&quot;}\">\n\t\t\t\t\t<div class=\"e-con-inner\">\n\t\t\t\t<div class=\"elementor-element elementor-element-b903059 elementor-widget elementor-widget-text-editor\" data-id=\"b903059\" data-element_type=\"widget\" data-widget_type=\"text-editor.default\">\n\t\t\t\t<div class=\"elementor-widget-container\">\n\t\t\t\t\t\t\t<h2 style=\"text-align: center;\">Aplikuj na stanowisko<\/h2>\t\t\t\t\t\t<\/div>\n\t\t\t\t<\/div>\n\t\t\t\t<div class=\"elementor-element elementor-element-e4d6745 elementor-widget elementor-widget-html\" data-id=\"e4d6745\" data-element_type=\"widget\" data-widget_type=\"html.default\">\n\t\t\t\t<div class=\"elementor-widget-container\">\n\t\t\t\n<div class=\"wpcf7 no-js\" id=\"wpcf7-f2382-o1\" lang=\"pl-PL\" dir=\"ltr\">\n<div class=\"screen-reader-response\"><p role=\"status\" aria-live=\"polite\" aria-atomic=\"true\"><\/p> <ul><\/ul><\/div>\n<form action=\"\/index.php\/wp-json\/wp\/v2\/pages\/19671#wpcf7-f2382-o1\" method=\"post\" class=\"wpcf7-form init\" aria-label=\"Formularz kontaktowy\" enctype=\"multipart\/form-data\" novalidate=\"novalidate\" data-status=\"init\">\n<div style=\"display: none;\">\n<input type=\"hidden\" name=\"_wpcf7\" value=\"2382\" \/>\n<input type=\"hidden\" name=\"_wpcf7_version\" value=\"5.9.7\" \/>\n<input type=\"hidden\" name=\"_wpcf7_locale\" value=\"pl_PL\" \/>\n<input type=\"hidden\" name=\"_wpcf7_unit_tag\" value=\"wpcf7-f2382-o1\" \/>\n<input type=\"hidden\" name=\"_wpcf7_container_post\" value=\"0\" \/>\n<input type=\"hidden\" name=\"_wpcf7_posted_data_hash\" value=\"\" \/>\n<\/div>\n<p style=\"text-align: center\">Imi\u0119 i nazwisko *<br \/>\n    <span class=\"wpcf7-form-control-wrap\" data-name=\"your-name\"><input size=\"40\" maxlength=\"50\" class=\"wpcf7-form-control wpcf7-text wpcf7-validates-as-required aligncenter\" aria-required=\"true\" aria-invalid=\"false\" value=\"\" type=\"text\" name=\"your-name\" \/><\/span> <\/p>\n\n<p style=\"text-align: center\">Numer telefonu (wymagane)<br \/>\n<span class=\"wpcf7-form-control-wrap\" data-name=\"tel-396\"><input size=\"40\" maxlength=\"400\" class=\"wpcf7-form-control wpcf7-tel wpcf7-validates-as-required wpcf7-text wpcf7-validates-as-tel\" aria-required=\"true\" aria-invalid=\"false\" value=\"\" type=\"tel\" name=\"tel-396\" \/><\/span><\/p>\n\n<p style=\"text-align: center\">Adres email (wymagane)<br \/>\n    <span class=\"wpcf7-form-control-wrap\" data-name=\"your-email\"><input size=\"40\" maxlength=\"400\" class=\"wpcf7-form-control wpcf7-email wpcf7-validates-as-required wpcf7-text wpcf7-validates-as-email\" aria-required=\"true\" aria-invalid=\"false\" value=\"\" type=\"email\" name=\"your-email\" \/><\/span> <\/p>\n\n<p style=\"text-align: center\">Stanowisko na kt\u00f3re aplikujesz <br \/>\n   <span class=\"wpcf7-form-control-wrap\" data-name=\"text-174\"><input size=\"40\" maxlength=\"400\" class=\"wpcf7-form-control wpcf7-text\" aria-invalid=\"false\" value=\"\" type=\"text\" name=\"text-174\" \/><\/span> <\/p>\n\n<p style=\"text-align: center\">Wiadomo\u015b\u0107 <br \/>\n   <span class=\"wpcf7-form-control-wrap\" data-name=\"text-173\"><input size=\"40\" maxlength=\"400\" class=\"wpcf7-form-control wpcf7-text\" aria-invalid=\"false\" value=\"\" type=\"text\" name=\"text-173\" \/><\/span> <\/p>\n\n<p style=\"text-align: center\">Za\u0142\u0105cz CV i list motywacyjny (wymagane)<br \/>\n<span class=\"wpcf7-form-control-wrap\" data-name=\"plik\"><input size=\"40\" class=\"wpcf7-form-control wpcf7-file\" accept=\".pdf,.jpg,.jpeg,.png,.gif,.doc,.docx,.ppt,.pptx\" aria-invalid=\"false\" type=\"file\" name=\"plik\" \/><\/span><\/p>\n\n<p style=\"text-align: center\"><input type=\"hidden\" name=\"_wpcf7_captcha_challenge_captcha-912\" value=\"1251807591\" \/><img loading=\"lazy\" decoding=\"async\" class=\"wpcf7-form-control wpcf7-captchac wpcf7-captcha-captcha-912\" width=\"84\" height=\"28\" alt=\"captcha\" src=\"https:\/\/www.serix.com.pl\/wp-content\/uploads\/wpcf7_captcha\/1251807591.png\" \/><\/p>\n\n<p style=\"text-align: center\">Wpisz kod znajduj\u0105cy si\u0119 powy\u017cej *<br \/><span class=\"wpcf7-form-control-wrap\" data-name=\"captcha-912\"><input size=\"40\" maxlength=\"4\" class=\"wpcf7-form-control wpcf7-captchar\" autocomplete=\"off\" aria-invalid=\"false\" value=\"\" type=\"text\" name=\"captcha-912\" \/><\/span><\/p>\n\n<p style=\"text-align: center\"><input class=\"wpcf7-form-control wpcf7-submit has-spinner\" type=\"submit\" value=\"Wy\u015blij\" \/><\/p><div class=\"wpcf7-response-output\" aria-hidden=\"true\"><\/div>\n<\/form>\n<\/div>\n\t\t<\/div>\n\t\t\t\t<\/div>\n\t\t\t\t\t<\/div>\n\t\t\t\t<\/div>\n\t\t\t\t<\/div>\n\t\t","protected":false},"excerpt":{"rendered":"<p>Jeste\u015bmy firm\u0105 dzia\u0142aj\u0105c\u0105 od 1985 r. na rynku poligraficznym, a od 2003 r. r\u00f3wnie\u017c w bran\u017cy przetw\u00f3rstwa tworzyw sztucznych. W zwi\u0105zku z dynamicznym rozwojem poszukujemy kandydata na stanowisko: TECHNOLOG&nbsp;(k\/m) &nbsp; MIEJSCE PRACY: MYSZK\u00d3W &nbsp; OFERUJEMY: Prac\u0119 w nowoczesnej i dobrze zorganizowanej fabryce, z zaawansowanym systemem&#8230;<\/p>\n","protected":false},"author":1,"featured_media":0,"parent":0,"menu_order":0,"comment_status":"closed","ping_status":"closed","template":"full_width.php","meta":{"content-type":"","footnotes":""},"class_list":["post-19671","page","type-page","status-publish","hentry"],"_links":{"self":[{"href":"https:\/\/www.serix.com.pl\/index.php\/wp-json\/wp\/v2\/pages\/19671","targetHints":{"allow":["GET"]}}],"collection":[{"href":"https:\/\/www.serix.com.pl\/index.php\/wp-json\/wp\/v2\/pages"}],"about":[{"href":"https:\/\/www.serix.com.pl\/index.php\/wp-json\/wp\/v2\/types\/page"}],"author":[{"embeddable":true,"href":"https:\/\/www.serix.com.pl\/index.php\/wp-json\/wp\/v2\/users\/1"}],"replies":[{"embeddable":true,"href":"https:\/\/www.serix.com.pl\/index.php\/wp-json\/wp\/v2\/comments?post=19671"}],"version-history":[{"count":9,"href":"https:\/\/www.serix.com.pl\/index.php\/wp-json\/wp\/v2\/pages\/19671\/revisions"}],"predecessor-version":[{"id":21950,"href":"https:\/\/www.serix.com.pl\/index.php\/wp-json\/wp\/v2\/pages\/19671\/revisions\/21950"}],"wp:attachment":[{"href":"https:\/\/www.serix.com.pl\/index.php\/wp-json\/wp\/v2\/media?parent=19671"}],"curies":[{"name":"wp","href":"https:\/\/api.w.org\/{rel}","templated":true}]}}