{"id":21065,"date":"2024-06-02T12:49:16","date_gmt":"2024-06-02T10:49:16","guid":{"rendered":"https:\/\/www.serix.com.pl\/?page_id=21065"},"modified":"2025-12-18T11:59:56","modified_gmt":"2025-12-18T10:59:56","slug":"oferty-pracy","status":"publish","type":"page","link":"https:\/\/www.serix.com.pl\/index.php\/oferty-pracy\/","title":{"rendered":"Oferty pracy"},"content":{"rendered":"\t\t<div data-elementor-type=\"wp-page\" data-elementor-id=\"21065\" class=\"elementor elementor-21065\" data-elementor-post-type=\"page\">\n\t\t\t\t<div class=\"elementor-element elementor-element-22b1b8b e-flex e-con-boxed parallax_section_no qode_elementor_container_no e-con e-parent\" data-id=\"22b1b8b\" data-element_type=\"container\">\n\t\t\t\t\t<div class=\"e-con-inner\">\n\t\t\t\t<div class=\"elementor-element elementor-element-0946fea elementor-widget elementor-widget-heading\" data-id=\"0946fea\" data-element_type=\"widget\" data-widget_type=\"heading.default\">\n\t\t\t\t<div class=\"elementor-widget-container\">\n\t\t\t<style>\/*! elementor - v3.23.0 - 15-07-2024 *\/\n.elementor-heading-title{padding:0;margin:0;line-height:1}.elementor-widget-heading .elementor-heading-title[class*=elementor-size-]>a{color:inherit;font-size:inherit;line-height:inherit}.elementor-widget-heading .elementor-heading-title.elementor-size-small{font-size:15px}.elementor-widget-heading .elementor-heading-title.elementor-size-medium{font-size:19px}.elementor-widget-heading .elementor-heading-title.elementor-size-large{font-size:29px}.elementor-widget-heading .elementor-heading-title.elementor-size-xl{font-size:39px}.elementor-widget-heading .elementor-heading-title.elementor-size-xxl{font-size:59px}<\/style><h2 class=\"elementor-heading-title elementor-size-default\">NASZE Aktualne oferty pracy:<\/h2>\t\t<\/div>\n\t\t\t\t<\/div>\n\t\t\t\t\t<\/div>\n\t\t\t\t<\/div>\n\t\t\t\t<section class=\"elementor-section elementor-top-section elementor-element elementor-element-dde5dc8 qode_elementor_container_inner elementor-section-boxed elementor-section-height-default elementor-section-height-default parallax_section_no\" data-id=\"dde5dc8\" data-element_type=\"section\" data-settings=\"{&quot;background_background&quot;:&quot;classic&quot;}\">\n\t\t\t\t\t\t<div class=\"elementor-container elementor-column-gap-default\">\n\t\t\t\t\t<div class=\"elementor-column elementor-col-33 elementor-top-column elementor-element elementor-element-f757777\" data-id=\"f757777\" data-element_type=\"column\">\n\t\t\t<div class=\"elementor-widget-wrap elementor-element-populated\">\n\t\t\t\t\t\t<div class=\"elementor-element elementor-element-ce2d95c elementor-widget elementor-widget-bridge_image_with_text_over\" data-id=\"ce2d95c\" data-element_type=\"widget\" data-widget_type=\"bridge_image_with_text_over.default\">\n\t\t\t\t<div class=\"elementor-widget-container\">\n\t\t\t<div class=\"q_image_with_text_over\"><div class=\"shader\" ><\/div><img decoding=\"async\" itemprop=\"image\" src=\"https:\/\/www.serix.com.pl\/wp-content\/uploads\/2024\/05\/DSC_5502-scaled.jpg\" alt=\"\" \/><div class=\"text\"><table><tr><td><i class=\"qode_icon_font_awesome_5 fa5 fa fa-magnifying-glass-dollar icon_holder fa-3x\" style=\"\" ><\/i><h3 class=\"caption \" style=\"\">Elektryk UTR (k\/m)<\/h3><\/td><\/tr><\/table><table><tr><td><div class=\"desc\"><p><a  itemprop=\"url\" href=\"https:\/\/www.serix.com.pl\/index.php\/home-7\/oferty-pracy\/elektryk-utr\/\" target=\"_self\" data-hover-border-color='#1abc9c'  class=\"qbutton  default\" style=\"color: #ffffff; border-color: #ffffff; \">CZYTAJ WI\u0118CEJ<\/a><\/p><\/div><\/td><\/tr><\/table><\/div><\/div>\t\t<\/div>\n\t\t\t\t<\/div>\n\t\t\t\t\t<\/div>\n\t\t<\/div>\n\t\t\t\t<div class=\"elementor-column elementor-col-33 elementor-top-column elementor-element elementor-element-a6b7853\" data-id=\"a6b7853\" data-element_type=\"column\">\n\t\t\t<div class=\"elementor-widget-wrap elementor-element-populated\">\n\t\t\t\t\t\t<div class=\"elementor-element elementor-element-1e6ca0e elementor-widget elementor-widget-bridge_image_with_text_over\" data-id=\"1e6ca0e\" data-element_type=\"widget\" data-widget_type=\"bridge_image_with_text_over.default\">\n\t\t\t\t<div class=\"elementor-widget-container\">\n\t\t\t<div class=\"q_image_with_text_over\"><div class=\"shader\" ><\/div><img decoding=\"async\" itemprop=\"image\" src=\"https:\/\/www.serix.com.pl\/wp-content\/uploads\/2024\/05\/DSC_5502-scaled.jpg\" alt=\"\" \/><div class=\"text\"><table><tr><td><i class=\"qode_icon_font_awesome_5 fa5 fa fa-magnifying-glass-dollar icon_holder fa-3x\" style=\"\" ><\/i><h3 class=\"caption \" style=\"\">Kierownik WPTS (k\/m)<\/h3><\/td><\/tr><\/table><table><tr><td><div class=\"desc\"><p><a  itemprop=\"url\" href=\"https:\/\/www.serix.com.pl\/index.php\/home-7\/oferty-pracy\/kierownik-wpts\/\" target=\"_self\" data-hover-border-color='#1abc9c'  class=\"qbutton  default\" style=\"color: #ffffff; border-color: #ffffff; \">CZYTAJ WI\u0118CEJ<\/a><\/p><\/div><\/td><\/tr><\/table><\/div><\/div>\t\t<\/div>\n\t\t\t\t<\/div>\n\t\t\t\t\t<\/div>\n\t\t<\/div>\n\t\t\t\t<div class=\"elementor-column elementor-col-33 elementor-top-column elementor-element elementor-element-d87ffcc\" data-id=\"d87ffcc\" data-element_type=\"column\">\n\t\t\t<div class=\"elementor-widget-wrap elementor-element-populated\">\n\t\t\t\t\t\t<div class=\"elementor-element elementor-element-646c854 elementor-widget elementor-widget-bridge_image_with_text_over\" data-id=\"646c854\" data-element_type=\"widget\" data-widget_type=\"bridge_image_with_text_over.default\">\n\t\t\t\t<div class=\"elementor-widget-container\">\n\t\t\t<div class=\"q_image_with_text_over\"><div class=\"shader\" ><\/div><img decoding=\"async\" itemprop=\"image\" src=\"https:\/\/www.serix.com.pl\/wp-content\/uploads\/2024\/05\/DSC_5502-scaled.jpg\" alt=\"\" \/><div class=\"text\"><table><tr><td><i class=\"qode_icon_font_awesome_5 fa5 fa fa-magnifying-glass-dollar icon_holder fa-3x\" style=\"\" ><\/i><h3 class=\"caption \" style=\"\">Mechanik UTR (k\/m)<\/h3><\/td><\/tr><\/table><table><tr><td><div class=\"desc\"><p><a  itemprop=\"url\" href=\"https:\/\/www.serix.com.pl\/index.php\/home-7\/oferty-pracy\/mechanik-utr\/\" target=\"_self\" data-hover-border-color='#1abc9c'  class=\"qbutton  default\" style=\"color: #ffffff; border-color: #ffffff; \">CZYTAJ WI\u0118CEJ<\/a><\/p><\/div><\/td><\/tr><\/table><\/div><\/div>\t\t<\/div>\n\t\t\t\t<\/div>\n\t\t\t\t\t<\/div>\n\t\t<\/div>\n\t\t\t\t\t<\/div>\n\t\t<\/section>\n\t\t\t\t<section class=\"elementor-section elementor-top-section elementor-element elementor-element-3a4de0c qode_elementor_container_inner elementor-section-boxed elementor-section-height-default elementor-section-height-default parallax_section_no\" data-id=\"3a4de0c\" data-element_type=\"section\" data-settings=\"{&quot;background_background&quot;:&quot;classic&quot;}\">\n\t\t\t\t\t\t<div class=\"elementor-container elementor-column-gap-default\">\n\t\t\t\t\t<div class=\"elementor-column elementor-col-33 elementor-top-column elementor-element elementor-element-aee0013\" data-id=\"aee0013\" data-element_type=\"column\">\n\t\t\t<div class=\"elementor-widget-wrap elementor-element-populated\">\n\t\t\t\t\t\t<div class=\"elementor-element elementor-element-e2015ee elementor-widget elementor-widget-bridge_image_with_text_over\" data-id=\"e2015ee\" data-element_type=\"widget\" data-widget_type=\"bridge_image_with_text_over.default\">\n\t\t\t\t<div class=\"elementor-widget-container\">\n\t\t\t<div class=\"q_image_with_text_over\"><div class=\"shader\" ><\/div><img decoding=\"async\" itemprop=\"image\" src=\"https:\/\/www.serix.com.pl\/wp-content\/uploads\/2024\/05\/DSC_5502-scaled.jpg\" alt=\"\" \/><div class=\"text\"><table><tr><td><i class=\"qode_icon_font_awesome_5 fa5 fa fa-magnifying-glass-dollar icon_holder fa-3x\" style=\"\" ><\/i><h3 class=\"caption \" style=\"\">OPERATOR\/OPERATORKA WTRYSKARKI (k\/m)<\/h3><\/td><\/tr><\/table><table><tr><td><div class=\"desc\"><p><a  itemprop=\"url\" href=\"https:\/\/www.serix.com.pl\/index.php\/home-7\/oferty-pracy\/operator-operatorka-wtryskarki\/\" target=\"_self\" data-hover-border-color='#1abc9c'  class=\"qbutton  default\" style=\"color: #ffffff; border-color: #ffffff; \">CZYTAJ WI\u0118CEJ<\/a><\/p><\/div><\/td><\/tr><\/table><\/div><\/div>\t\t<\/div>\n\t\t\t\t<\/div>\n\t\t\t\t\t<\/div>\n\t\t<\/div>\n\t\t\t\t<div class=\"elementor-column elementor-col-33 elementor-top-column elementor-element elementor-element-37660ef\" data-id=\"37660ef\" data-element_type=\"column\">\n\t\t\t<div class=\"elementor-widget-wrap elementor-element-populated\">\n\t\t\t\t\t\t<div class=\"elementor-element elementor-element-ec93107 elementor-widget elementor-widget-bridge_image_with_text_over\" data-id=\"ec93107\" data-element_type=\"widget\" data-widget_type=\"bridge_image_with_text_over.default\">\n\t\t\t\t<div class=\"elementor-widget-container\">\n\t\t\t<div class=\"q_image_with_text_over\"><div class=\"shader\" ><\/div><img decoding=\"async\" itemprop=\"image\" src=\"https:\/\/www.serix.com.pl\/wp-content\/uploads\/2024\/05\/DSC_5502-scaled.jpg\" alt=\"\" \/><div class=\"text\"><table><tr><td><i class=\"qode_icon_font_awesome_5 fa5 fa fa-magnifying-glass-dollar icon_holder fa-3x\" style=\"\" ><\/i><h3 class=\"caption \" style=\"\">POMOCNIK USTAWIACZA WTRYSKARKI (k\/m)<\/h3><\/td><\/tr><\/table><table><tr><td><div class=\"desc\"><p><a  itemprop=\"url\" href=\"https:\/\/www.serix.com.pl\/index.php\/home-7\/oferty-pracy\/pomocnik-ustawiacza-wtryskarki\/\" target=\"_self\" data-hover-border-color='#1abc9c'  class=\"qbutton  default\" style=\"color: #ffffff; border-color: #ffffff; \">CZYTAJ WI\u0118CEJ<\/a><\/p><\/div><\/td><\/tr><\/table><\/div><\/div>\t\t<\/div>\n\t\t\t\t<\/div>\n\t\t\t\t\t<\/div>\n\t\t<\/div>\n\t\t\t\t<div class=\"elementor-column elementor-col-33 elementor-top-column elementor-element elementor-element-08bc1da\" data-id=\"08bc1da\" data-element_type=\"column\">\n\t\t\t<div class=\"elementor-widget-wrap elementor-element-populated\">\n\t\t\t\t\t\t<div class=\"elementor-element elementor-element-d977c87 elementor-widget elementor-widget-bridge_image_with_text_over\" data-id=\"d977c87\" data-element_type=\"widget\" data-widget_type=\"bridge_image_with_text_over.default\">\n\t\t\t\t<div class=\"elementor-widget-container\">\n\t\t\t<div class=\"q_image_with_text_over\"><div class=\"shader\" ><\/div><img decoding=\"async\" itemprop=\"image\" src=\"https:\/\/www.serix.com.pl\/wp-content\/uploads\/2024\/05\/DSC_5502-scaled.jpg\" alt=\"\" \/><div class=\"text\"><table><tr><td><i class=\"qode_icon_font_awesome_5 fa5 fa fa-magnifying-glass-dollar icon_holder fa-3x\" style=\"\" ><\/i><h3 class=\"caption \" style=\"\">\u015aLUSARZ NARZ\u0118DZIOWY (k\/m)<\/h3><\/td><\/tr><\/table><table><tr><td><div class=\"desc\"><p><a  itemprop=\"url\" href=\"https:\/\/www.serix.com.pl\/index.php\/home-7\/oferty-pracy\/slusarz-narzedziowy\/\" target=\"_self\" data-hover-border-color='#1abc9c'  class=\"qbutton  default\" style=\"color: #ffffff; border-color: #ffffff; \">CZYTAJ WI\u0118CEJ<\/a><\/p><\/div><\/td><\/tr><\/table><\/div><\/div>\t\t<\/div>\n\t\t\t\t<\/div>\n\t\t\t\t\t<\/div>\n\t\t<\/div>\n\t\t\t\t\t<\/div>\n\t\t<\/section>\n\t\t\t\t<section class=\"elementor-section elementor-top-section elementor-element elementor-element-afc93d4 qode_elementor_container_inner elementor-section-boxed elementor-section-height-default elementor-section-height-default parallax_section_no\" data-id=\"afc93d4\" data-element_type=\"section\" data-settings=\"{&quot;background_background&quot;:&quot;classic&quot;}\">\n\t\t\t\t\t\t<div class=\"elementor-container elementor-column-gap-default\">\n\t\t\t\t\t<div class=\"elementor-column elementor-col-33 elementor-top-column elementor-element elementor-element-1fc9732\" data-id=\"1fc9732\" data-element_type=\"column\">\n\t\t\t<div class=\"elementor-widget-wrap elementor-element-populated\">\n\t\t\t\t\t\t<div class=\"elementor-element elementor-element-d78230c elementor-widget elementor-widget-bridge_image_with_text_over\" data-id=\"d78230c\" data-element_type=\"widget\" data-widget_type=\"bridge_image_with_text_over.default\">\n\t\t\t\t<div class=\"elementor-widget-container\">\n\t\t\t<div class=\"q_image_with_text_over\"><div class=\"shader\" ><\/div><img decoding=\"async\" itemprop=\"image\" src=\"https:\/\/www.serix.com.pl\/wp-content\/uploads\/2024\/05\/DSC_5502-scaled.jpg\" alt=\"\" \/><div class=\"text\"><table><tr><td><i class=\"qode_icon_font_awesome_5 fa5 fa fa-magnifying-glass-dollar icon_holder fa-3x\" style=\"\" ><\/i><h3 class=\"caption \" style=\"\">TECHNIK FORM (k\/m)<\/h3><\/td><\/tr><\/table><table><tr><td><div class=\"desc\"><p><a  itemprop=\"url\" href=\"https:\/\/www.serix.com.pl\/index.php\/home-7\/oferty-pracy\/technik-form\/\" target=\"_self\" data-hover-border-color='#1abc9c'  class=\"qbutton  default\" style=\"color: #ffffff; border-color: #ffffff; \">CZYTAJ WI\u0118CEJ<\/a><\/p><\/div><\/td><\/tr><\/table><\/div><\/div>\t\t<\/div>\n\t\t\t\t<\/div>\n\t\t\t\t\t<\/div>\n\t\t<\/div>\n\t\t\t\t<div class=\"elementor-column elementor-col-33 elementor-top-column elementor-element elementor-element-2c2943c\" data-id=\"2c2943c\" data-element_type=\"column\">\n\t\t\t<div class=\"elementor-widget-wrap elementor-element-populated\">\n\t\t\t\t\t\t<div class=\"elementor-element elementor-element-c957126 elementor-widget elementor-widget-bridge_image_with_text_over\" data-id=\"c957126\" data-element_type=\"widget\" data-widget_type=\"bridge_image_with_text_over.default\">\n\t\t\t\t<div class=\"elementor-widget-container\">\n\t\t\t<div class=\"q_image_with_text_over\"><div class=\"shader\" ><\/div><img decoding=\"async\" itemprop=\"image\" src=\"https:\/\/www.serix.com.pl\/wp-content\/uploads\/2024\/05\/DSC_5502-scaled.jpg\" alt=\"\" \/><div class=\"text\"><table><tr><td><i class=\"qode_icon_font_awesome_5 fa5 fa fa-magnifying-glass-dollar icon_holder fa-3x\" style=\"\" ><\/i><h3 class=\"caption \" style=\"\">TECHNOLOG (k\/m)<\/h3><\/td><\/tr><\/table><table><tr><td><div class=\"desc\"><p><a  itemprop=\"url\" href=\"https:\/\/www.serix.com.pl\/index.php\/home-7\/oferty-pracy\/technolog\/\" target=\"_self\" data-hover-border-color='#1abc9c'  class=\"qbutton  default\" style=\"color: #ffffff; border-color: #ffffff; \">CZYTAJ WI\u0118CEJ<\/a><\/p><\/div><\/td><\/tr><\/table><\/div><\/div>\t\t<\/div>\n\t\t\t\t<\/div>\n\t\t\t\t\t<\/div>\n\t\t<\/div>\n\t\t\t\t<div class=\"elementor-column elementor-col-33 elementor-top-column elementor-element elementor-element-1ecc71f\" data-id=\"1ecc71f\" data-element_type=\"column\">\n\t\t\t<div class=\"elementor-widget-wrap elementor-element-populated\">\n\t\t\t\t\t\t<div class=\"elementor-element elementor-element-c419de2 elementor-widget elementor-widget-bridge_image_with_text_over\" data-id=\"c419de2\" data-element_type=\"widget\" data-widget_type=\"bridge_image_with_text_over.default\">\n\t\t\t\t<div class=\"elementor-widget-container\">\n\t\t\t<div class=\"q_image_with_text_over\"><div class=\"shader\" ><\/div><img decoding=\"async\" itemprop=\"image\" src=\"https:\/\/www.serix.com.pl\/wp-content\/uploads\/2024\/05\/DSC_5502-scaled.jpg\" alt=\"\" \/><div class=\"text\"><table><tr><td><i class=\"qode_icon_font_awesome_5 fa5 fa fa-magnifying-glass-dollar icon_holder fa-3x\" style=\"\" ><\/i><h3 class=\"caption \" style=\"\">USTAWIACZ WTRYSKAREK (k\/m)<\/h3><\/td><\/tr><\/table><table><tr><td><div class=\"desc\"><p><a  itemprop=\"url\" href=\"https:\/\/www.serix.com.pl\/index.php\/home-7\/oferty-pracy\/ustawiacz-wtryskarek\/\" target=\"_self\" data-hover-border-color='#1abc9c'  class=\"qbutton  default\" style=\"color: #ffffff; border-color: #ffffff; \">CZYTAJ WI\u0118CEJ<\/a><\/p><\/div><\/td><\/tr><\/table><\/div><\/div>\t\t<\/div>\n\t\t\t\t<\/div>\n\t\t\t\t\t<\/div>\n\t\t<\/div>\n\t\t\t\t\t<\/div>\n\t\t<\/section>\n\t\t\t\t<section class=\"elementor-section elementor-top-section elementor-element elementor-element-776ed9a qode_elementor_container_inner elementor-section-boxed elementor-section-height-default elementor-section-height-default parallax_section_no\" data-id=\"776ed9a\" data-element_type=\"section\" data-settings=\"{&quot;background_background&quot;:&quot;classic&quot;}\">\n\t\t\t\t\t\t<div class=\"elementor-container elementor-column-gap-default\">\n\t\t\t\t\t<div class=\"elementor-column elementor-col-33 elementor-top-column elementor-element elementor-element-f50cedc\" data-id=\"f50cedc\" data-element_type=\"column\">\n\t\t\t<div class=\"elementor-widget-wrap elementor-element-populated\">\n\t\t\t\t\t\t<div class=\"elementor-element elementor-element-c7d30c8 elementor-widget elementor-widget-bridge_image_with_text_over\" data-id=\"c7d30c8\" data-element_type=\"widget\" data-widget_type=\"bridge_image_with_text_over.default\">\n\t\t\t\t<div class=\"elementor-widget-container\">\n\t\t\t<div class=\"q_image_with_text_over\"><div class=\"shader\" ><\/div><img decoding=\"async\" itemprop=\"image\" src=\"https:\/\/www.serix.com.pl\/wp-content\/uploads\/2024\/05\/DSC_5502-scaled.jpg\" alt=\"\" \/><div class=\"text\"><table><tr><td><i class=\"qode_icon_font_awesome_5 fa5 fa fa-magnifying-glass-dollar icon_holder fa-3x\" style=\"\" ><\/i><h3 class=\"caption \" style=\"\">KIEROWNIK ZMIANY (k\/m)<\/h3><\/td><\/tr><\/table><table><tr><td><div class=\"desc\"><p><a  itemprop=\"url\" href=\"https:\/\/www.serix.com.pl\/index.php\/home-7\/oferty-pracy\/kierownik-zmiany\/\" target=\"_self\" data-hover-border-color='#1abc9c'  class=\"qbutton  default\" style=\"color: #ffffff; border-color: #ffffff; \">CZYTAJ WI\u0118CEJ<\/a><\/p><\/div><\/td><\/tr><\/table><\/div><\/div>\t\t<\/div>\n\t\t\t\t<\/div>\n\t\t\t\t\t<\/div>\n\t\t<\/div>\n\t\t\t\t<div class=\"elementor-column elementor-col-33 elementor-top-column elementor-element elementor-element-ea87e7b\" data-id=\"ea87e7b\" data-element_type=\"column\">\n\t\t\t<div class=\"elementor-widget-wrap\">\n\t\t\t\t\t\t\t<\/div>\n\t\t<\/div>\n\t\t\t\t<div class=\"elementor-column elementor-col-33 elementor-top-column elementor-element elementor-element-c5060dd\" data-id=\"c5060dd\" data-element_type=\"column\">\n\t\t\t<div class=\"elementor-widget-wrap\">\n\t\t\t\t\t\t\t<\/div>\n\t\t<\/div>\n\t\t\t\t\t<\/div>\n\t\t<\/section>\n\t\t<div class=\"elementor-element elementor-element-a7ac653 e-con-full e-flex parallax_section_no qode_elementor_container_no e-con e-parent\" data-id=\"a7ac653\" data-element_type=\"container\">\n\t\t\t\t<div class=\"elementor-element elementor-element-b46efd3 elementor-widget elementor-widget-heading\" data-id=\"b46efd3\" data-element_type=\"widget\" data-widget_type=\"heading.default\">\n\t\t\t\t<div class=\"elementor-widget-container\">\n\t\t\t<h2 class=\"elementor-heading-title elementor-size-default\">KARIERA SPONTANICZNA<\/h2>\t\t<\/div>\n\t\t\t\t<\/div>\n\t\t\t\t<div class=\"elementor-element elementor-element-5af13ba elementor-widget elementor-widget-text-editor\" data-id=\"5af13ba\" data-element_type=\"widget\" data-widget_type=\"text-editor.default\">\n\t\t\t\t<div class=\"elementor-widget-container\">\n\t\t\t<style>\/*! elementor - v3.23.0 - 15-07-2024 *\/\n.elementor-widget-text-editor.elementor-drop-cap-view-stacked .elementor-drop-cap{background-color:#69727d;color:#fff}.elementor-widget-text-editor.elementor-drop-cap-view-framed .elementor-drop-cap{color:#69727d;border:3px solid;background-color:transparent}.elementor-widget-text-editor:not(.elementor-drop-cap-view-default) .elementor-drop-cap{margin-top:8px}.elementor-widget-text-editor:not(.elementor-drop-cap-view-default) .elementor-drop-cap-letter{width:1em;height:1em}.elementor-widget-text-editor .elementor-drop-cap{float:left;text-align:center;line-height:1;font-size:50px}.elementor-widget-text-editor .elementor-drop-cap-letter{display:inline-block}<\/style>\t\t\t\t<p>Je\u015bli nie widzisz tu oferty dla siebie, ale chcia\u0142by\u015b by\u0107 cz\u0119\u015bci\u0105 naszego zespo\u0142u, to nie czekaj! Po prostu prze\u015blij nam swoje CV. Ka\u017cda aplikacja jest dla nas wa\u017cna, bez wzgl\u0119du na do\u015bwiadczenie. Mo\u017ce w\u0142a\u015bnie Ty b\u0119dziesz naszym idealnym kandydatem! Do\u0142\u0105cz do nas i zobacz, co przyniesie przysz\u0142o\u015b\u0107.<\/p>\t\t\t\t\t\t<\/div>\n\t\t\t\t<\/div>\n\t\t\t\t<\/div>\n\t\t<div class=\"elementor-element elementor-element-28049ea e-flex e-con-boxed parallax_section_no qode_elementor_container_no e-con e-parent\" data-id=\"28049ea\" data-element_type=\"container\">\n\t\t\t\t\t<div class=\"e-con-inner\">\n\t\t\t\t<div class=\"elementor-element elementor-element-7ff437d elementor-widget elementor-widget-heading\" data-id=\"7ff437d\" data-element_type=\"widget\" data-widget_type=\"heading.default\">\n\t\t\t\t<div class=\"elementor-widget-container\">\n\t\t\t<h2 class=\"elementor-heading-title elementor-size-default\">FORMULARZ CV<\/h2>\t\t<\/div>\n\t\t\t\t<\/div>\n\t\t\t\t<div class=\"elementor-element elementor-element-5145408 elementor-widget elementor-widget-text-editor\" data-id=\"5145408\" data-element_type=\"widget\" data-widget_type=\"text-editor.default\">\n\t\t\t\t<div class=\"elementor-widget-container\">\n\t\t\t\t\t\t\t<p>\n<div class=\"wpcf7 no-js\" id=\"wpcf7-f2382-o1\" lang=\"pl-PL\" dir=\"ltr\">\n<div class=\"screen-reader-response\"><p role=\"status\" aria-live=\"polite\" aria-atomic=\"true\"><\/p> <ul><\/ul><\/div>\n<form action=\"\/index.php\/wp-json\/wp\/v2\/pages\/21065#wpcf7-f2382-o1\" method=\"post\" class=\"wpcf7-form init\" aria-label=\"Formularz kontaktowy\" enctype=\"multipart\/form-data\" novalidate=\"novalidate\" data-status=\"init\">\n<div style=\"display: none;\">\n<input type=\"hidden\" name=\"_wpcf7\" value=\"2382\" \/>\n<input type=\"hidden\" name=\"_wpcf7_version\" value=\"5.9.7\" \/>\n<input type=\"hidden\" name=\"_wpcf7_locale\" value=\"pl_PL\" \/>\n<input type=\"hidden\" name=\"_wpcf7_unit_tag\" value=\"wpcf7-f2382-o1\" \/>\n<input type=\"hidden\" name=\"_wpcf7_container_post\" value=\"0\" \/>\n<input type=\"hidden\" name=\"_wpcf7_posted_data_hash\" value=\"\" \/>\n<\/div>\n<p style=\"text-align: center\">Imi\u0119 i nazwisko *<br \/>\n    <span class=\"wpcf7-form-control-wrap\" data-name=\"your-name\"><input size=\"40\" maxlength=\"50\" class=\"wpcf7-form-control wpcf7-text wpcf7-validates-as-required aligncenter\" aria-required=\"true\" aria-invalid=\"false\" value=\"\" type=\"text\" name=\"your-name\" \/><\/span> <\/p>\n\n<p style=\"text-align: center\">Numer telefonu (wymagane)<br \/>\n<span class=\"wpcf7-form-control-wrap\" data-name=\"tel-396\"><input size=\"40\" maxlength=\"400\" class=\"wpcf7-form-control wpcf7-tel wpcf7-validates-as-required wpcf7-text wpcf7-validates-as-tel\" aria-required=\"true\" aria-invalid=\"false\" value=\"\" type=\"tel\" name=\"tel-396\" \/><\/span><\/p>\n\n<p style=\"text-align: center\">Adres email (wymagane)<br \/>\n    <span class=\"wpcf7-form-control-wrap\" data-name=\"your-email\"><input size=\"40\" maxlength=\"400\" class=\"wpcf7-form-control wpcf7-email wpcf7-validates-as-required wpcf7-text wpcf7-validates-as-email\" aria-required=\"true\" aria-invalid=\"false\" value=\"\" type=\"email\" name=\"your-email\" \/><\/span> <\/p>\n\n<p style=\"text-align: center\">Stanowisko na kt\u00f3re aplikujesz <br \/>\n   <span class=\"wpcf7-form-control-wrap\" data-name=\"text-174\"><input size=\"40\" maxlength=\"400\" class=\"wpcf7-form-control wpcf7-text\" aria-invalid=\"false\" value=\"\" type=\"text\" name=\"text-174\" \/><\/span> <\/p>\n\n<p style=\"text-align: center\">Wiadomo\u015b\u0107 <br \/>\n   <span class=\"wpcf7-form-control-wrap\" data-name=\"text-173\"><input size=\"40\" maxlength=\"400\" class=\"wpcf7-form-control wpcf7-text\" aria-invalid=\"false\" value=\"\" type=\"text\" name=\"text-173\" \/><\/span> <\/p>\n\n<p style=\"text-align: center\">Za\u0142\u0105cz CV i list motywacyjny (wymagane)<br \/>\n<span class=\"wpcf7-form-control-wrap\" data-name=\"plik\"><input size=\"40\" class=\"wpcf7-form-control wpcf7-file\" accept=\".pdf,.jpg,.jpeg,.png,.gif,.doc,.docx,.ppt,.pptx\" aria-invalid=\"false\" type=\"file\" name=\"plik\" \/><\/span><\/p>\n\n<p style=\"text-align: center\"><input type=\"hidden\" name=\"_wpcf7_captcha_challenge_captcha-912\" value=\"2814511653\" \/><img loading=\"lazy\" decoding=\"async\" class=\"wpcf7-form-control wpcf7-captchac wpcf7-captcha-captcha-912\" width=\"84\" height=\"28\" alt=\"captcha\" src=\"https:\/\/www.serix.com.pl\/wp-content\/uploads\/wpcf7_captcha\/2814511653.png\" \/><\/p>\n\n<p style=\"text-align: center\">Wpisz kod znajduj\u0105cy si\u0119 powy\u017cej *<br \/><span class=\"wpcf7-form-control-wrap\" data-name=\"captcha-912\"><input size=\"40\" maxlength=\"4\" class=\"wpcf7-form-control wpcf7-captchar\" autocomplete=\"off\" aria-invalid=\"false\" value=\"\" type=\"text\" name=\"captcha-912\" \/><\/span><\/p>\n\n<p style=\"text-align: center\"><input class=\"wpcf7-form-control wpcf7-submit has-spinner\" type=\"submit\" value=\"Wy\u015blij\" \/><\/p><div class=\"wpcf7-response-output\" aria-hidden=\"true\"><\/div>\n<\/form>\n<\/div>\n<\/p>\t\t\t\t\t\t<\/div>\n\t\t\t\t<\/div>\n\t\t\t\t\t<\/div>\n\t\t\t\t<\/div>\n\t\t\t\t<\/div>\n\t\t","protected":false},"excerpt":{"rendered":"<p>NASZE Aktualne oferty pracy: Elektryk UTR (k\/m) CZYTAJ WI\u0118CEJ Kierownik WPTS (k\/m) CZYTAJ WI\u0118CEJ Mechanik UTR (k\/m) CZYTAJ WI\u0118CEJ OPERATOR\/OPERATORKA WTRYSKARKI (k\/m) CZYTAJ WI\u0118CEJ POMOCNIK USTAWIACZA WTRYSKARKI (k\/m) CZYTAJ WI\u0118CEJ \u015aLUSARZ NARZ\u0118DZIOWY (k\/m) CZYTAJ WI\u0118CEJ TECHNIK FORM (k\/m) CZYTAJ WI\u0118CEJ TECHNOLOG (k\/m) CZYTAJ WI\u0118CEJ USTAWIACZ&#8230;<\/p>\n","protected":false},"author":2,"featured_media":0,"parent":0,"menu_order":0,"comment_status":"closed","ping_status":"closed","template":"","meta":{"content-type":"","footnotes":""},"class_list":["post-21065","page","type-page","status-publish","hentry"],"_links":{"self":[{"href":"https:\/\/www.serix.com.pl\/index.php\/wp-json\/wp\/v2\/pages\/21065","targetHints":{"allow":["GET"]}}],"collection":[{"href":"https:\/\/www.serix.com.pl\/index.php\/wp-json\/wp\/v2\/pages"}],"about":[{"href":"https:\/\/www.serix.com.pl\/index.php\/wp-json\/wp\/v2\/types\/page"}],"author":[{"embeddable":true,"href":"https:\/\/www.serix.com.pl\/index.php\/wp-json\/wp\/v2\/users\/2"}],"replies":[{"embeddable":true,"href":"https:\/\/www.serix.com.pl\/index.php\/wp-json\/wp\/v2\/comments?post=21065"}],"version-history":[{"count":31,"href":"https:\/\/www.serix.com.pl\/index.php\/wp-json\/wp\/v2\/pages\/21065\/revisions"}],"predecessor-version":[{"id":21964,"href":"https:\/\/www.serix.com.pl\/index.php\/wp-json\/wp\/v2\/pages\/21065\/revisions\/21964"}],"wp:attachment":[{"href":"https:\/\/www.serix.com.pl\/index.php\/wp-json\/wp\/v2\/media?parent=21065"}],"curies":[{"name":"wp","href":"https:\/\/api.w.org\/{rel}","templated":true}]}}