{"id":21582,"date":"2024-07-29T12:44:35","date_gmt":"2024-07-29T10:44:35","guid":{"rendered":"https:\/\/www.serix.com.pl\/?page_id=21582"},"modified":"2024-07-29T12:45:56","modified_gmt":"2024-07-29T10:45:56","slug":"druk-przemyslowy-na-tworzywach","status":"publish","type":"page","link":"https:\/\/www.serix.com.pl\/index.php\/druk-przemyslowy-na-tworzywach\/","title":{"rendered":"Oferta &#8211; Druk Przemys\u0142owy Na Tworzywach"},"content":{"rendered":"\t\t<div data-elementor-type=\"wp-page\" data-elementor-id=\"21582\" class=\"elementor elementor-21582\" data-elementor-post-type=\"page\">\n\t\t\t\t\t\t<section class=\"elementor-section elementor-top-section elementor-element elementor-element-c70a91a qode_elementor_container_inner elementor-section-boxed elementor-section-height-default elementor-section-height-default parallax_section_no\" data-id=\"c70a91a\" data-element_type=\"section\">\n\t\t\t\t\t\t<div class=\"elementor-container elementor-column-gap-default\">\n\t\t\t\t\t<div class=\"elementor-column elementor-col-50 elementor-top-column elementor-element elementor-element-cd4a237\" data-id=\"cd4a237\" data-element_type=\"column\">\n\t\t\t<div class=\"elementor-widget-wrap elementor-element-populated\">\n\t\t\t\t\t\t<div class=\"elementor-element elementor-element-8291e71 elementor-widget elementor-widget-text-editor\" data-id=\"8291e71\" data-element_type=\"widget\" data-widget_type=\"text-editor.default\">\n\t\t\t\t<div class=\"elementor-widget-container\">\n\t\t\t<style>\/*! elementor - v3.23.0 - 15-07-2024 *\/\n.elementor-widget-text-editor.elementor-drop-cap-view-stacked .elementor-drop-cap{background-color:#69727d;color:#fff}.elementor-widget-text-editor.elementor-drop-cap-view-framed .elementor-drop-cap{color:#69727d;border:3px solid;background-color:transparent}.elementor-widget-text-editor:not(.elementor-drop-cap-view-default) .elementor-drop-cap{margin-top:8px}.elementor-widget-text-editor:not(.elementor-drop-cap-view-default) .elementor-drop-cap-letter{width:1em;height:1em}.elementor-widget-text-editor .elementor-drop-cap{float:left;text-align:center;line-height:1;font-size:50px}.elementor-widget-text-editor .elementor-drop-cap-letter{display:inline-block}<\/style>\t\t\t\t<h2 style=\"text-align: center;\">NADRUK NA TWORZYWACH<\/h2>\t\t\t\t\t\t<\/div>\n\t\t\t\t<\/div>\n\t\t\t\t<div class=\"elementor-element elementor-element-e7e0cb5 elementor-widget-divider--view-line elementor-widget elementor-widget-divider\" data-id=\"e7e0cb5\" data-element_type=\"widget\" data-widget_type=\"divider.default\">\n\t\t\t\t<div class=\"elementor-widget-container\">\n\t\t\t<style>\/*! elementor - v3.23.0 - 15-07-2024 *\/\n.elementor-widget-divider{--divider-border-style:none;--divider-border-width:1px;--divider-color:#0c0d0e;--divider-icon-size:20px;--divider-element-spacing:10px;--divider-pattern-height:24px;--divider-pattern-size:20px;--divider-pattern-url:none;--divider-pattern-repeat:repeat-x}.elementor-widget-divider .elementor-divider{display:flex}.elementor-widget-divider .elementor-divider__text{font-size:15px;line-height:1;max-width:95%}.elementor-widget-divider .elementor-divider__element{margin:0 var(--divider-element-spacing);flex-shrink:0}.elementor-widget-divider .elementor-icon{font-size:var(--divider-icon-size)}.elementor-widget-divider .elementor-divider-separator{display:flex;margin:0;direction:ltr}.elementor-widget-divider--view-line_icon .elementor-divider-separator,.elementor-widget-divider--view-line_text .elementor-divider-separator{align-items:center}.elementor-widget-divider--view-line_icon .elementor-divider-separator:after,.elementor-widget-divider--view-line_icon .elementor-divider-separator:before,.elementor-widget-divider--view-line_text .elementor-divider-separator:after,.elementor-widget-divider--view-line_text .elementor-divider-separator:before{display:block;content:\"\";border-block-end:0;flex-grow:1;border-block-start:var(--divider-border-width) var(--divider-border-style) var(--divider-color)}.elementor-widget-divider--element-align-left .elementor-divider .elementor-divider-separator>.elementor-divider__svg:first-of-type{flex-grow:0;flex-shrink:100}.elementor-widget-divider--element-align-left .elementor-divider-separator:before{content:none}.elementor-widget-divider--element-align-left .elementor-divider__element{margin-left:0}.elementor-widget-divider--element-align-right .elementor-divider .elementor-divider-separator>.elementor-divider__svg:last-of-type{flex-grow:0;flex-shrink:100}.elementor-widget-divider--element-align-right .elementor-divider-separator:after{content:none}.elementor-widget-divider--element-align-right .elementor-divider__element{margin-right:0}.elementor-widget-divider--element-align-start .elementor-divider .elementor-divider-separator>.elementor-divider__svg:first-of-type{flex-grow:0;flex-shrink:100}.elementor-widget-divider--element-align-start .elementor-divider-separator:before{content:none}.elementor-widget-divider--element-align-start .elementor-divider__element{margin-inline-start:0}.elementor-widget-divider--element-align-end .elementor-divider .elementor-divider-separator>.elementor-divider__svg:last-of-type{flex-grow:0;flex-shrink:100}.elementor-widget-divider--element-align-end .elementor-divider-separator:after{content:none}.elementor-widget-divider--element-align-end .elementor-divider__element{margin-inline-end:0}.elementor-widget-divider:not(.elementor-widget-divider--view-line_text):not(.elementor-widget-divider--view-line_icon) .elementor-divider-separator{border-block-start:var(--divider-border-width) var(--divider-border-style) var(--divider-color)}.elementor-widget-divider--separator-type-pattern{--divider-border-style:none}.elementor-widget-divider--separator-type-pattern.elementor-widget-divider--view-line .elementor-divider-separator,.elementor-widget-divider--separator-type-pattern:not(.elementor-widget-divider--view-line) .elementor-divider-separator:after,.elementor-widget-divider--separator-type-pattern:not(.elementor-widget-divider--view-line) .elementor-divider-separator:before,.elementor-widget-divider--separator-type-pattern:not([class*=elementor-widget-divider--view]) .elementor-divider-separator{width:100%;min-height:var(--divider-pattern-height);-webkit-mask-size:var(--divider-pattern-size) 100%;mask-size:var(--divider-pattern-size) 100%;-webkit-mask-repeat:var(--divider-pattern-repeat);mask-repeat:var(--divider-pattern-repeat);background-color:var(--divider-color);-webkit-mask-image:var(--divider-pattern-url);mask-image:var(--divider-pattern-url)}.elementor-widget-divider--no-spacing{--divider-pattern-size:auto}.elementor-widget-divider--bg-round{--divider-pattern-repeat:round}.rtl .elementor-widget-divider .elementor-divider__text{direction:rtl}.e-con-inner>.elementor-widget-divider,.e-con>.elementor-widget-divider{width:var(--container-widget-width,100%);--flex-grow:var(--container-widget-flex-grow)}<\/style>\t\t<div class=\"elementor-divider\">\n\t\t\t<span class=\"elementor-divider-separator\">\n\t\t\t\t\t\t<\/span>\n\t\t<\/div>\n\t\t\t\t<\/div>\n\t\t\t\t<\/div>\n\t\t\t\t<div class=\"elementor-element elementor-element-b3784fa elementor-widget elementor-widget-text-editor\" data-id=\"b3784fa\" data-element_type=\"widget\" data-widget_type=\"text-editor.default\">\n\t\t\t\t<div class=\"elementor-widget-container\">\n\t\t\t\t\t\t\t<p><b>Specjalizujemy si\u0119 w nadruku na detalach z r\u00f3\u017cnych tworzyw sztucznych, takich jak ABS, PVC, PC, PS, PP, PE, wykorzystuj\u0105c zaawansowane techniki sitodruku i tampondruku. Nasze us\u0142ugi s\u0105 niezast\u0105pione w kreowaniu element\u00f3w estetycznych dla czo\u0142owych producent\u00f3w sprz\u0119tu AGD, takich jak panele kontrolne i pokr\u0119t\u0142a do pralek, zmywarek, suszarek do ubra\u0144 i kuchenek, a tak\u017ce w przemy\u015ble motoryzacyjnym. Z ponad 20-letnim do\u015bwiadczeniem, gwarantujemy perfekcj\u0119 wykonania nawet najbardziej skomplikowanych projekt\u00f3w.<\/b><\/p><p><b>\u00a0<\/b><\/p><p><b>Oferujemy naszym klientom kompleksow\u0105 realizacj\u0119 zlece\u0144 \u2013 od przyj\u0119cia projektu w postaci plik\u00f3w graficznych, przez przygotowanie matryc i oprzyrz\u0105dowania, a\u017c po seryjny druk w naszym zak\u0142adzie. Zapewniamy b\u0142yskawiczn\u0105 realizacj\u0119 i wszechstronne wsparcie, zgodnie z indywidualnymi wymaganiami ka\u017cdego Klienta. Nasze dodatkowe us\u0142ugi obejmuj\u0105 lakierowanie detali oraz nadruk na powierzchniach metalizowanych. Realizujemy tak\u017ce druk na inlayach metalowych zabezpieczonych przed odciskami palc\u00f3w oraz na p\u0142ytach z poliw\u0119glanu i foliach.<\/b><\/p><p><b>\u00a0<\/b><\/p><p><b>Jako\u015b\u0107 i trwa\u0142o\u015b\u0107 naszych produkt\u00f3w i us\u0142ug osi\u0105gaj\u0105 \u015bwiatowe standardy, co potwierdza zaufanie, jakim obdarzaj\u0105 nas klienci. Gwarantujemy najwy\u017csz\u0105 satysfakcj\u0119 i doskona\u0142o\u015b\u0107, kt\u00f3ra wyznacza nowe standardy w bran\u017cy druku przemys\u0142owego.<\/b><\/p>\t\t\t\t\t\t<\/div>\n\t\t\t\t<\/div>\n\t\t\t\t\t<\/div>\n\t\t<\/div>\n\t\t\t\t<div class=\"elementor-column elementor-col-50 elementor-top-column elementor-element elementor-element-b00079c\" data-id=\"b00079c\" data-element_type=\"column\">\n\t\t\t<div class=\"elementor-widget-wrap elementor-element-populated\">\n\t\t\t\t\t\t<div class=\"elementor-element elementor-element-dedcc3b animated-slow elementor-invisible elementor-widget elementor-widget-image\" data-id=\"dedcc3b\" data-element_type=\"widget\" data-settings=\"{&quot;_animation&quot;:&quot;fadeInRight&quot;,&quot;_animation_delay&quot;:1000}\" data-widget_type=\"image.default\">\n\t\t\t\t<div class=\"elementor-widget-container\">\n\t\t\t<style>\/*! elementor - v3.23.0 - 15-07-2024 *\/\n.elementor-widget-image{text-align:center}.elementor-widget-image a{display:inline-block}.elementor-widget-image a img[src$=\".svg\"]{width:48px}.elementor-widget-image img{vertical-align:middle;display:inline-block}<\/style>\t\t\t\t\t\t\t\t\t\t<img loading=\"lazy\" decoding=\"async\" width=\"1024\" height=\"684\" src=\"https:\/\/www.serix.com.pl\/wp-content\/uploads\/2024\/05\/DSC_5502-1024x684.jpg\" class=\"attachment-large size-large wp-image-19527\" alt=\"\" srcset=\"https:\/\/www.serix.com.pl\/wp-content\/uploads\/2024\/05\/DSC_5502-1024x684.jpg 1024w, https:\/\/www.serix.com.pl\/wp-content\/uploads\/2024\/05\/DSC_5502-300x200.jpg 300w, https:\/\/www.serix.com.pl\/wp-content\/uploads\/2024\/05\/DSC_5502-768x513.jpg 768w, https:\/\/www.serix.com.pl\/wp-content\/uploads\/2024\/05\/DSC_5502-1536x1025.jpg 1536w, https:\/\/www.serix.com.pl\/wp-content\/uploads\/2024\/05\/DSC_5502-2048x1367.jpg 2048w, https:\/\/www.serix.com.pl\/wp-content\/uploads\/2024\/05\/DSC_5502-700x467.jpg 700w\" sizes=\"auto, (max-width: 1024px) 100vw, 1024px\" \/>\t\t\t\t\t\t\t\t\t\t\t\t\t<\/div>\n\t\t\t\t<\/div>\n\t\t\t\t<div class=\"elementor-element elementor-element-3c463ca animated-slow elementor-invisible elementor-widget elementor-widget-image\" data-id=\"3c463ca\" data-element_type=\"widget\" data-settings=\"{&quot;_animation&quot;:&quot;fadeInUp&quot;,&quot;_animation_delay&quot;:2000}\" data-widget_type=\"image.default\">\n\t\t\t\t<div class=\"elementor-widget-container\">\n\t\t\t\t\t\t\t\t\t\t\t\t\t<img loading=\"lazy\" decoding=\"async\" width=\"1024\" height=\"684\" src=\"https:\/\/www.serix.com.pl\/wp-content\/uploads\/2024\/06\/DSC_5461-1024x684.jpg\" class=\"attachment-large size-large wp-image-21115\" alt=\"\" srcset=\"https:\/\/www.serix.com.pl\/wp-content\/uploads\/2024\/06\/DSC_5461-1024x684.jpg 1024w, https:\/\/www.serix.com.pl\/wp-content\/uploads\/2024\/06\/DSC_5461-300x200.jpg 300w, https:\/\/www.serix.com.pl\/wp-content\/uploads\/2024\/06\/DSC_5461-768x513.jpg 768w, https:\/\/www.serix.com.pl\/wp-content\/uploads\/2024\/06\/DSC_5461-1536x1025.jpg 1536w, https:\/\/www.serix.com.pl\/wp-content\/uploads\/2024\/06\/DSC_5461-2048x1367.jpg 2048w, https:\/\/www.serix.com.pl\/wp-content\/uploads\/2024\/06\/DSC_5461-700x467.jpg 700w\" sizes=\"auto, (max-width: 1024px) 100vw, 1024px\" \/>\t\t\t\t\t\t\t\t\t\t\t\t\t<\/div>\n\t\t\t\t<\/div>\n\t\t\t\t\t<\/div>\n\t\t<\/div>\n\t\t\t\t\t<\/div>\n\t\t<\/section>\n\t\t\t\t<section class=\"elementor-section elementor-top-section elementor-element elementor-element-c2cc1f3 qode_elementor_container_inner elementor-section-boxed elementor-section-height-default elementor-section-height-default parallax_section_no\" data-id=\"c2cc1f3\" data-element_type=\"section\">\n\t\t\t\t\t\t<div class=\"elementor-container elementor-column-gap-default\">\n\t\t\t\t\t<div class=\"elementor-column elementor-col-100 elementor-top-column elementor-element elementor-element-3acff13\" data-id=\"3acff13\" data-element_type=\"column\">\n\t\t\t<div class=\"elementor-widget-wrap elementor-element-populated\">\n\t\t\t\t\t\t<div class=\"elementor-element elementor-element-d8acde4 elementor-widget elementor-widget-text-editor\" data-id=\"d8acde4\" data-element_type=\"widget\" data-widget_type=\"text-editor.default\">\n\t\t\t\t<div class=\"elementor-widget-container\">\n\t\t\t\t\t\t\t<h2>PARK MASZYNOWY<\/h2>\t\t\t\t\t\t<\/div>\n\t\t\t\t<\/div>\n\t\t\t\t<div class=\"elementor-element elementor-element-e867f01 elementor-widget-divider--view-line elementor-widget elementor-widget-divider\" data-id=\"e867f01\" data-element_type=\"widget\" data-widget_type=\"divider.default\">\n\t\t\t\t<div class=\"elementor-widget-container\">\n\t\t\t\t\t<div class=\"elementor-divider\">\n\t\t\t<span class=\"elementor-divider-separator\">\n\t\t\t\t\t\t<\/span>\n\t\t<\/div>\n\t\t\t\t<\/div>\n\t\t\t\t<\/div>\n\t\t\t\t<div class=\"elementor-element elementor-element-7d48289 elementor-widget elementor-widget-text-editor\" data-id=\"7d48289\" data-element_type=\"widget\" data-widget_type=\"text-editor.default\">\n\t\t\t\t<div class=\"elementor-widget-container\">\n\t\t\t\t\t\t\t<p style=\"text-align: center;\"><strong>4 automaty sitodrukowe CNC, druk 6-kolorowy w technologii UV (utrwalanie farb promieniami UV), 4 automaty tampodrukowe CNC, druk 6-kolorowy, 1 automat tampodrukowy CNC, druk 2-kolorowy, 2 maszyny tampodrukowe 4-kolorowe, 1 maszyna tampodrukowa 2-kolorowa, 3 p\u00f3\u0142automaty sitodrukowe, 1-kolorowe.<\/strong><\/p>\t\t\t\t\t\t<\/div>\n\t\t\t\t<\/div>\n\t\t\t\t\t<\/div>\n\t\t<\/div>\n\t\t\t\t\t<\/div>\n\t\t<\/section>\n\t\t\t\t<section class=\"elementor-section elementor-top-section elementor-element elementor-element-9942eee elementor-section-boxed elementor-section-height-default elementor-section-height-default parallax_section_no qode_elementor_container_no\" data-id=\"9942eee\" data-element_type=\"section\" data-settings=\"{&quot;background_background&quot;:&quot;classic&quot;}\">\n\t\t\t\t\t\t<div class=\"elementor-container elementor-column-gap-default\">\n\t\t\t\t\t<div class=\"elementor-column elementor-col-100 elementor-top-column elementor-element elementor-element-44841e9\" data-id=\"44841e9\" data-element_type=\"column\">\n\t\t\t<div class=\"elementor-widget-wrap elementor-element-populated\">\n\t\t\t\t\t\t<section class=\"elementor-section elementor-inner-section elementor-element elementor-element-4e38392 qode_elementor_container_inner elementor-section-boxed elementor-section-height-default elementor-section-height-default parallax_section_no\" data-id=\"4e38392\" data-element_type=\"section\">\n\t\t\t\t\t\t<div class=\"elementor-container elementor-column-gap-no\">\n\t\t\t\t\t<div class=\"elementor-column elementor-col-100 elementor-inner-column elementor-element elementor-element-71ba2cf\" data-id=\"71ba2cf\" data-element_type=\"column\">\n\t\t\t<div class=\"elementor-widget-wrap elementor-element-populated\">\n\t\t\t\t\t\t<div class=\"elementor-element elementor-element-b2a4251 elementor-widget elementor-widget-text-editor\" data-id=\"b2a4251\" data-element_type=\"widget\" data-widget_type=\"text-editor.default\">\n\t\t\t\t<div class=\"elementor-widget-container\">\n\t\t\t\t\t\t\t<h2 style=\"text-align: center;\">Us\u0142ugi dodatkowe<\/h2>\t\t\t\t\t\t<\/div>\n\t\t\t\t<\/div>\n\t\t\t\t<div class=\"elementor-element elementor-element-c1c75e0 elementor-widget-divider--view-line elementor-widget elementor-widget-divider\" data-id=\"c1c75e0\" data-element_type=\"widget\" data-widget_type=\"divider.default\">\n\t\t\t\t<div class=\"elementor-widget-container\">\n\t\t\t\t\t<div class=\"elementor-divider\">\n\t\t\t<span class=\"elementor-divider-separator\">\n\t\t\t\t\t\t<\/span>\n\t\t<\/div>\n\t\t\t\t<\/div>\n\t\t\t\t<\/div>\n\t\t\t\t\t<\/div>\n\t\t<\/div>\n\t\t\t\t\t<\/div>\n\t\t<\/section>\n\t\t\t\t<section class=\"elementor-section elementor-inner-section elementor-element elementor-element-b7a6978 qode_elementor_container_inner elementor-section-boxed elementor-section-height-default elementor-section-height-default parallax_section_no\" data-id=\"b7a6978\" data-element_type=\"section\">\n\t\t\t\t\t\t<div class=\"elementor-container elementor-column-gap-default\">\n\t\t\t\t\t<div class=\"elementor-column elementor-col-33 elementor-inner-column elementor-element elementor-element-cdada77\" data-id=\"cdada77\" data-element_type=\"column\">\n\t\t\t<div class=\"elementor-widget-wrap elementor-element-populated\">\n\t\t\t\t\t\t<div class=\"elementor-element elementor-element-8e560be animated-slow elementor-invisible elementor-widget elementor-widget-bridge_service_table\" data-id=\"8e560be\" data-element_type=\"widget\" data-settings=\"{&quot;_animation&quot;:&quot;fadeInUp&quot;,&quot;_animation_delay&quot;:1500}\" data-widget_type=\"bridge_service_table.default\">\n\t\t\t\t<div class=\"elementor-widget-container\">\n\t\t\t<div class='service_table_holder'><ul class='service_table_inner'><li class='service_table_title_holder ' style=''><div class='service_table_title_inner'><div class='service_table_title_inner2'><h3 class='service_title' style=''>Wzory Graficzne<\/h3><i class=\"qode_icon_font_awesome_5 fa5 fa fa-pencil fa-3x\" style=\"\" ><\/i><\/div><\/div><\/li><li class='service_table_content' style=''><p>Wdro\u017cenia i przygotowanie wzor\u00f3w graficznych do nadruku (w\u0142asne studio graficzne)<\/p><p>\u00a0<\/p><\/li><\/ul><\/div>\t\t<\/div>\n\t\t\t\t<\/div>\n\t\t\t\t\t<\/div>\n\t\t<\/div>\n\t\t\t\t<div class=\"elementor-column elementor-col-33 elementor-inner-column elementor-element elementor-element-9082cfa\" data-id=\"9082cfa\" data-element_type=\"column\">\n\t\t\t<div class=\"elementor-widget-wrap elementor-element-populated\">\n\t\t\t\t\t\t<div class=\"elementor-element elementor-element-06e9963 animated-slow elementor-invisible elementor-widget elementor-widget-bridge_service_table\" data-id=\"06e9963\" data-element_type=\"widget\" data-settings=\"{&quot;_animation&quot;:&quot;fadeInUp&quot;,&quot;_animation_delay&quot;:2500}\" data-widget_type=\"bridge_service_table.default\">\n\t\t\t\t<div class=\"elementor-widget-container\">\n\t\t\t<div class='service_table_holder'><ul class='service_table_inner'><li class='service_table_title_holder ' style=''><div class='service_table_title_inner'><div class='service_table_title_inner2'><h3 class='service_title' style=''>Na\u015bwietlanie<\/h3><i class=\"qode_icon_font_awesome_5 fa5 fa fa-solar-panel fa-3x\" style=\"\" ><\/i><\/div><\/div><\/li><li class='service_table_content' style=''><p>Na\u015bwietlanie film\u00f3w, analogowe na na\u015bwietlarce AGFA<\/p><p>\u00a0<\/p><\/li><\/ul><\/div>\t\t<\/div>\n\t\t\t\t<\/div>\n\t\t\t\t\t<\/div>\n\t\t<\/div>\n\t\t\t\t<div class=\"elementor-column elementor-col-33 elementor-inner-column elementor-element elementor-element-18aa571\" data-id=\"18aa571\" data-element_type=\"column\">\n\t\t\t<div class=\"elementor-widget-wrap elementor-element-populated\">\n\t\t\t\t\t\t<div class=\"elementor-element elementor-element-6b925ee animated-slow elementor-invisible elementor-widget elementor-widget-bridge_service_table\" data-id=\"6b925ee\" data-element_type=\"widget\" data-settings=\"{&quot;_animation&quot;:&quot;fadeInUp&quot;,&quot;_animation_delay&quot;:3500}\" data-widget_type=\"bridge_service_table.default\">\n\t\t\t\t<div class=\"elementor-widget-container\">\n\t\t\t<div class='service_table_holder'><ul class='service_table_inner'><li class='service_table_title_holder ' style=''><div class='service_table_title_inner'><div class='service_table_title_inner2'><h3 class='service_title' style=''>Matryce<\/h3><i class=\"qode_icon_font_awesome_5 fa5 fa fa-box fa-3x\" style=\"\" ><\/i><\/div><\/div><\/li><li class='service_table_content' style=''><p>Wykonywanie matryc do druku (sitodrukowych oraz polimerowych do tampodruku)<\/p><p>\u00a0<\/p><\/li><\/ul><\/div>\t\t<\/div>\n\t\t\t\t<\/div>\n\t\t\t\t\t<\/div>\n\t\t<\/div>\n\t\t\t\t\t<\/div>\n\t\t<\/section>\n\t\t\t\t<section class=\"elementor-section elementor-inner-section elementor-element elementor-element-111bb2c qode_elementor_container_inner elementor-section-boxed elementor-section-height-default elementor-section-height-default parallax_section_no\" data-id=\"111bb2c\" data-element_type=\"section\">\n\t\t\t\t\t\t<div class=\"elementor-container elementor-column-gap-default\">\n\t\t\t\t\t<div class=\"elementor-column elementor-col-33 elementor-inner-column elementor-element elementor-element-22a12eb\" data-id=\"22a12eb\" data-element_type=\"column\">\n\t\t\t<div class=\"elementor-widget-wrap elementor-element-populated\">\n\t\t\t\t\t\t<div class=\"elementor-element elementor-element-820d756 animated-slow elementor-invisible elementor-widget elementor-widget-bridge_service_table\" data-id=\"820d756\" data-element_type=\"widget\" data-settings=\"{&quot;_animation&quot;:&quot;fadeInUp&quot;,&quot;_animation_delay&quot;:4500}\" data-widget_type=\"bridge_service_table.default\">\n\t\t\t\t<div class=\"elementor-widget-container\">\n\t\t\t<div class='service_table_holder'><ul class='service_table_inner'><li class='service_table_title_holder ' style=''><div class='service_table_title_inner'><div class='service_table_title_inner2'><h3 class='service_title' style=''>Testy Odporno\u015bciowe<\/h3><i class=\"qode_icon_font_awesome_5 fa5 fa fa-vials fa-3x\" style=\"\" ><\/i><\/div><\/div><\/li><li class='service_table_content' style=''><p>Wykonywanie specjalnych test\u00f3w odporno\u015bciowych dla nadruk\u00f3w wg specyfikacji i wymaga\u0144 Klienta, doradztwo techniczne, wdro\u017cenia nowych projekt\u00f3w aplikacji graficznych i zdobienia na plastikach (preserie pr\u00f3bne, homologacje)<\/p><p>\u00a0<\/p><\/li><\/ul><\/div>\t\t<\/div>\n\t\t\t\t<\/div>\n\t\t\t\t\t<\/div>\n\t\t<\/div>\n\t\t\t\t<div class=\"elementor-column elementor-col-33 elementor-inner-column elementor-element elementor-element-1d90837\" data-id=\"1d90837\" data-element_type=\"column\">\n\t\t\t<div class=\"elementor-widget-wrap elementor-element-populated\">\n\t\t\t\t\t\t<div class=\"elementor-element elementor-element-5b03258 animated-slow elementor-invisible elementor-widget elementor-widget-bridge_service_table\" data-id=\"5b03258\" data-element_type=\"widget\" data-settings=\"{&quot;_animation&quot;:&quot;fadeInUp&quot;,&quot;_animation_delay&quot;:5500}\" data-widget_type=\"bridge_service_table.default\">\n\t\t\t\t<div class=\"elementor-widget-container\">\n\t\t\t<div class='service_table_holder'><ul class='service_table_inner'><li class='service_table_title_holder ' style=''><div class='service_table_title_inner'><div class='service_table_title_inner2'><h3 class='service_title' style=''>Druk Przemys\u0142owy<\/h3><i class=\"qode_icon_font_awesome_5 fa5 fa fa-print fa-3x\" style=\"\" ><\/i><\/div><\/div><\/li><li class='service_table_content' style=''><p>Druk przemys\u0142owy (sitodruk i tampodruk), us\u0142ugowo na detalach powierzonych przez Klienta, innych przetw\u00f3rc\u00f3w tworzyw sztucznych<\/p><p>\u00a0<\/p><p>\u00a0<\/p><p>\u00a0<\/p><\/li><\/ul><\/div>\t\t<\/div>\n\t\t\t\t<\/div>\n\t\t\t\t\t<\/div>\n\t\t<\/div>\n\t\t\t\t<div class=\"elementor-column elementor-col-33 elementor-inner-column elementor-element elementor-element-03ccde8\" data-id=\"03ccde8\" data-element_type=\"column\">\n\t\t\t<div class=\"elementor-widget-wrap elementor-element-populated\">\n\t\t\t\t\t\t<div class=\"elementor-element elementor-element-2efd12e animated-slow elementor-invisible elementor-widget elementor-widget-bridge_service_table\" data-id=\"2efd12e\" data-element_type=\"widget\" data-settings=\"{&quot;_animation&quot;:&quot;fadeInUp&quot;,&quot;_animation_delay&quot;:6500}\" data-widget_type=\"bridge_service_table.default\">\n\t\t\t\t<div class=\"elementor-widget-container\">\n\t\t\t<div class='service_table_holder'><ul class='service_table_inner'><li class='service_table_title_holder ' style=''><div class='service_table_title_inner'><div class='service_table_title_inner2'><h3 class='service_title' style=''>Mieszalnia Farb<\/h3><i class=\"qode_icon_font_awesome_5 fa5 fa fa-palette fa-3x\" style=\"\" ><\/i><\/div><\/div><\/li><li class='service_table_content' style=''><p>Mieszalnia farb sitodrukowych i tampodrukowych firmy Marabu (wykonywanie kolor\u00f3w wg system\u00f3w NCS, RAL, PANTONE)<\/p><p>\u00a0<\/p><p>\u00a0<\/p><p>\u00a0<\/p><\/li><\/ul><\/div>\t\t<\/div>\n\t\t\t\t<\/div>\n\t\t\t\t\t<\/div>\n\t\t<\/div>\n\t\t\t\t\t<\/div>\n\t\t<\/section>\n\t\t\t\t\t<\/div>\n\t\t<\/div>\n\t\t\t\t\t<\/div>\n\t\t<\/section>\n\t\t\t\t<\/div>\n\t\t","protected":false},"excerpt":{"rendered":"<p>NADRUK NA TWORZYWACH Specjalizujemy si\u0119 w nadruku na detalach z r\u00f3\u017cnych tworzyw sztucznych, takich jak ABS, PVC, PC, PS, PP, PE, wykorzystuj\u0105c zaawansowane techniki sitodruku i tampondruku. Nasze us\u0142ugi s\u0105 niezast\u0105pione w kreowaniu element\u00f3w estetycznych dla czo\u0142owych producent\u00f3w sprz\u0119tu AGD, takich jak panele kontrolne i&#8230;<\/p>\n","protected":false},"author":1,"featured_media":0,"parent":0,"menu_order":0,"comment_status":"open","ping_status":"closed","template":"full_width.php","meta":{"content-type":"","footnotes":""},"class_list":["post-21582","page","type-page","status-publish","hentry"],"_links":{"self":[{"href":"https:\/\/www.serix.com.pl\/index.php\/wp-json\/wp\/v2\/pages\/21582","targetHints":{"allow":["GET"]}}],"collection":[{"href":"https:\/\/www.serix.com.pl\/index.php\/wp-json\/wp\/v2\/pages"}],"about":[{"href":"https:\/\/www.serix.com.pl\/index.php\/wp-json\/wp\/v2\/types\/page"}],"author":[{"embeddable":true,"href":"https:\/\/www.serix.com.pl\/index.php\/wp-json\/wp\/v2\/users\/1"}],"replies":[{"embeddable":true,"href":"https:\/\/www.serix.com.pl\/index.php\/wp-json\/wp\/v2\/comments?post=21582"}],"version-history":[{"count":5,"href":"https:\/\/www.serix.com.pl\/index.php\/wp-json\/wp\/v2\/pages\/21582\/revisions"}],"predecessor-version":[{"id":21587,"href":"https:\/\/www.serix.com.pl\/index.php\/wp-json\/wp\/v2\/pages\/21582\/revisions\/21587"}],"wp:attachment":[{"href":"https:\/\/www.serix.com.pl\/index.php\/wp-json\/wp\/v2\/media?parent=21582"}],"curies":[{"name":"wp","href":"https:\/\/api.w.org\/{rel}","templated":true}]}}