{"id":2368,"date":"2015-05-07T08:50:34","date_gmt":"2015-05-07T06:50:34","guid":{"rendered":"http:\/\/www.serix-bis.com.pl\/?page_id=2368"},"modified":"2024-05-22T09:15:50","modified_gmt":"2024-05-22T07:15:50","slug":"oferty-pracy","status":"publish","type":"page","link":"https:\/\/www.serix.com.pl\/index.php\/nadruk-na-tworzywach-2\/oferty-pracy\/","title":{"rendered":"Oferty pracy"},"content":{"rendered":"\t\t<div data-elementor-type=\"wp-page\" data-elementor-id=\"2368\" class=\"elementor elementor-2368\" data-elementor-post-type=\"page\">\n\t\t\t\t\t\t<section class=\"elementor-section elementor-top-section elementor-element elementor-element-28940f98 elementor-section-boxed elementor-section-height-default elementor-section-height-default parallax_section_no qode_elementor_container_no\" data-id=\"28940f98\" data-element_type=\"section\" data-settings=\"{&quot;background_background&quot;:&quot;classic&quot;}\">\n\t\t\t\t\t\t<div class=\"elementor-container elementor-column-gap-no\">\n\t\t\t\t\t<div class=\"elementor-column elementor-col-33 elementor-top-column elementor-element elementor-element-522fb8a\" data-id=\"522fb8a\" data-element_type=\"column\">\n\t\t\t<div class=\"elementor-widget-wrap elementor-element-populated\">\n\t\t\t\t\t\t<div class=\"elementor-element elementor-element-527f8768 elementor-widget elementor-widget-bridge_counter\" data-id=\"527f8768\" data-element_type=\"widget\" data-widget_type=\"bridge_counter.default\">\n\t\t\t\t<div class=\"elementor-widget-container\">\n\t\t\t<div class=\"q_counter_holder  center\" style=\"\" data-digit=\"2\"><span class=\"counter  zero\" style=\"color: #505050;\">2<\/span><span class=\"separator small\" style=\"background-color: rgba(26, 188, 156, 1);\"><\/span><p class=\"counter_text\" style=\"\">Siedziby firmy Serix<\/p><\/div>\t\t<\/div>\n\t\t\t\t<\/div>\n\t\t\t\t\t<\/div>\n\t\t<\/div>\n\t\t\t\t<div class=\"elementor-column elementor-col-33 elementor-top-column elementor-element elementor-element-f8a9710\" data-id=\"f8a9710\" data-element_type=\"column\">\n\t\t\t<div class=\"elementor-widget-wrap elementor-element-populated\">\n\t\t\t\t\t\t<div class=\"elementor-element elementor-element-ab43df3 elementor-widget elementor-widget-bridge_counter\" data-id=\"ab43df3\" data-element_type=\"widget\" data-widget_type=\"bridge_counter.default\">\n\t\t\t\t<div class=\"elementor-widget-container\">\n\t\t\t<div class=\"q_counter_holder  center\" style=\"\" data-digit=\"40\"><span class=\"counter  zero\" style=\"color: #505050;\">40<\/span><span class=\"separator small\" style=\"background-color: rgba(26, 188, 156, 1);\"><\/span><p class=\"counter_text\" style=\"\">Lat na rynku<\/p><\/div>\t\t<\/div>\n\t\t\t\t<\/div>\n\t\t\t\t\t<\/div>\n\t\t<\/div>\n\t\t\t\t<div class=\"elementor-column elementor-col-33 elementor-top-column elementor-element elementor-element-156f96d\" data-id=\"156f96d\" data-element_type=\"column\">\n\t\t\t<div class=\"elementor-widget-wrap elementor-element-populated\">\n\t\t\t\t\t\t<div class=\"elementor-element elementor-element-e4f2c6b elementor-widget elementor-widget-bridge_counter\" data-id=\"e4f2c6b\" data-element_type=\"widget\" data-widget_type=\"bridge_counter.default\">\n\t\t\t\t<div class=\"elementor-widget-container\">\n\t\t\t<div class=\"q_counter_holder  center\" style=\"\" data-digit=\"250\"><span class=\"counter  zero\" style=\"color: #505050;\">250<\/span><span class=\"separator small\" style=\"background-color: rgba(26, 188, 156, 1);\"><\/span><p class=\"counter_text\" style=\"\">Zatrudnionych Pracownik\u00f3w<\/p><\/div>\t\t<\/div>\n\t\t\t\t<\/div>\n\t\t\t\t\t<\/div>\n\t\t<\/div>\n\t\t\t\t\t<\/div>\n\t\t<\/section>\n\t\t<div class=\"elementor-element elementor-element-5a8b259e e-flex e-con-boxed parallax_section_no qode_elementor_container_no e-con e-parent\" data-id=\"5a8b259e\" data-element_type=\"container\">\n\t\t\t\t\t<div class=\"e-con-inner\">\n\t\t\t\t<div class=\"elementor-element elementor-element-c583310 elementor-widget elementor-widget-heading\" data-id=\"c583310\" data-element_type=\"widget\" data-widget_type=\"heading.default\">\n\t\t\t\t<div class=\"elementor-widget-container\">\n\t\t\t<style>\/*! elementor - v3.23.0 - 15-07-2024 *\/\n.elementor-heading-title{padding:0;margin:0;line-height:1}.elementor-widget-heading .elementor-heading-title[class*=elementor-size-]>a{color:inherit;font-size:inherit;line-height:inherit}.elementor-widget-heading .elementor-heading-title.elementor-size-small{font-size:15px}.elementor-widget-heading .elementor-heading-title.elementor-size-medium{font-size:19px}.elementor-widget-heading .elementor-heading-title.elementor-size-large{font-size:29px}.elementor-widget-heading .elementor-heading-title.elementor-size-xl{font-size:39px}.elementor-widget-heading .elementor-heading-title.elementor-size-xxl{font-size:59px}<\/style><h2 class=\"elementor-heading-title elementor-size-default\">Aktualne oferty pracy<\/h2>\t\t<\/div>\n\t\t\t\t<\/div>\n\t\t\t\t\t<\/div>\n\t\t\t\t<\/div>\n\t\t\t\t<section class=\"elementor-section elementor-top-section elementor-element elementor-element-5ff248b8 qode_elementor_container_inner elementor-section-boxed elementor-section-height-default elementor-section-height-default parallax_section_no\" data-id=\"5ff248b8\" data-element_type=\"section\" data-settings=\"{&quot;background_background&quot;:&quot;classic&quot;}\">\n\t\t\t\t\t\t<div class=\"elementor-container elementor-column-gap-default\">\n\t\t\t\t\t<div class=\"elementor-column elementor-col-33 elementor-top-column elementor-element elementor-element-5e529aed\" data-id=\"5e529aed\" data-element_type=\"column\">\n\t\t\t<div class=\"elementor-widget-wrap elementor-element-populated\">\n\t\t\t\t\t\t<div class=\"elementor-element elementor-element-377e0810 elementor-widget elementor-widget-bridge_image_with_text_over\" data-id=\"377e0810\" data-element_type=\"widget\" data-widget_type=\"bridge_image_with_text_over.default\">\n\t\t\t\t<div class=\"elementor-widget-container\">\n\t\t\t<div class=\"q_image_with_text_over\"><div class=\"shader\" ><\/div><img decoding=\"async\" itemprop=\"image\" src=\"https:\/\/www.serix.com.pl\/wp-content\/uploads\/2024\/05\/DSC_5502-scaled.jpg\" alt=\"\" \/><div class=\"text\"><table><tr><td><i class=\"qode_icon_font_awesome_5 fa5 fa fa-magnifying-glass-dollar icon_holder fa-3x\" style=\"\" ><\/i><h3 class=\"caption \" style=\"\">Elektryk UTR<\/h3><\/td><\/tr><\/table><table><tr><td><div class=\"desc\"><p><a  itemprop=\"url\" href=\"https:\/\/www.serix.com.pl\/index.php\/home-7\/oferty-pracy\/elektryk-utr\/\" target=\"_self\" data-hover-border-color='#1abc9c'  class=\"qbutton  default\" style=\"color: #ffffff; border-color: #ffffff; \">CZYTAJ WI\u0118CEJ<\/a><\/p><\/div><\/td><\/tr><\/table><\/div><\/div>\t\t<\/div>\n\t\t\t\t<\/div>\n\t\t\t\t\t<\/div>\n\t\t<\/div>\n\t\t\t\t<div class=\"elementor-column elementor-col-33 elementor-top-column elementor-element elementor-element-1f83b6b\" data-id=\"1f83b6b\" data-element_type=\"column\">\n\t\t\t<div class=\"elementor-widget-wrap elementor-element-populated\">\n\t\t\t\t\t\t<div class=\"elementor-element elementor-element-b22311d elementor-widget elementor-widget-bridge_image_with_text_over\" data-id=\"b22311d\" data-element_type=\"widget\" data-widget_type=\"bridge_image_with_text_over.default\">\n\t\t\t\t<div class=\"elementor-widget-container\">\n\t\t\t<div class=\"q_image_with_text_over\"><div class=\"shader\" ><\/div><img decoding=\"async\" itemprop=\"image\" src=\"https:\/\/www.serix.com.pl\/wp-content\/uploads\/2024\/05\/DSC_5502-scaled.jpg\" alt=\"\" \/><div class=\"text\"><table><tr><td><i class=\"qode_icon_font_awesome_5 fa5 fa fa-magnifying-glass-dollar icon_holder fa-3x\" style=\"\" ><\/i><h3 class=\"caption \" style=\"\">Kierownik WPTS<\/h3><\/td><\/tr><\/table><table><tr><td><div class=\"desc\"><p><a  itemprop=\"url\" href=\"https:\/\/www.serix.com.pl\/index.php\/home-7\/oferty-pracy\/kierownik-wpts\/\" target=\"_self\" data-hover-border-color='#1abc9c'  class=\"qbutton  default\" style=\"color: #ffffff; border-color: #ffffff; \">CZYTAJ WI\u0118CEJ<\/a><\/p><\/div><\/td><\/tr><\/table><\/div><\/div>\t\t<\/div>\n\t\t\t\t<\/div>\n\t\t\t\t\t<\/div>\n\t\t<\/div>\n\t\t\t\t<div class=\"elementor-column elementor-col-33 elementor-top-column elementor-element elementor-element-401d4f0\" data-id=\"401d4f0\" data-element_type=\"column\">\n\t\t\t<div class=\"elementor-widget-wrap elementor-element-populated\">\n\t\t\t\t\t\t<div class=\"elementor-element elementor-element-a3ee0f2 elementor-widget elementor-widget-bridge_image_with_text_over\" data-id=\"a3ee0f2\" data-element_type=\"widget\" data-widget_type=\"bridge_image_with_text_over.default\">\n\t\t\t\t<div class=\"elementor-widget-container\">\n\t\t\t<div class=\"q_image_with_text_over\"><div class=\"shader\" ><\/div><img decoding=\"async\" itemprop=\"image\" src=\"https:\/\/www.serix.com.pl\/wp-content\/uploads\/2024\/05\/DSC_5502-scaled.jpg\" alt=\"\" \/><div class=\"text\"><table><tr><td><i class=\"qode_icon_font_awesome_5 fa5 fa fa-magnifying-glass-dollar icon_holder fa-3x\" style=\"\" ><\/i><h3 class=\"caption \" style=\"\">Mechanik UTR<\/h3><\/td><\/tr><\/table><table><tr><td><div class=\"desc\"><p><a  itemprop=\"url\" href=\"https:\/\/www.serix.com.pl\/index.php\/home-7\/oferty-pracy\/mechanik-utr\/\" target=\"_self\" data-hover-border-color='#1abc9c'  class=\"qbutton  default\" style=\"color: #ffffff; border-color: #ffffff; \">CZYTAJ WI\u0118CEJ<\/a><\/p><\/div><\/td><\/tr><\/table><\/div><\/div>\t\t<\/div>\n\t\t\t\t<\/div>\n\t\t\t\t\t<\/div>\n\t\t<\/div>\n\t\t\t\t\t<\/div>\n\t\t<\/section>\n\t\t\t\t<section class=\"elementor-section elementor-top-section elementor-element elementor-element-fbcd568 qode_elementor_container_inner elementor-section-boxed elementor-section-height-default elementor-section-height-default parallax_section_no\" data-id=\"fbcd568\" data-element_type=\"section\" data-settings=\"{&quot;background_background&quot;:&quot;classic&quot;}\">\n\t\t\t\t\t\t<div class=\"elementor-container elementor-column-gap-default\">\n\t\t\t\t\t<div class=\"elementor-column elementor-col-33 elementor-top-column elementor-element elementor-element-50f7f76\" data-id=\"50f7f76\" data-element_type=\"column\">\n\t\t\t<div class=\"elementor-widget-wrap elementor-element-populated\">\n\t\t\t\t\t\t<div class=\"elementor-element elementor-element-3ecb1f2 elementor-widget elementor-widget-bridge_image_with_text_over\" data-id=\"3ecb1f2\" data-element_type=\"widget\" data-widget_type=\"bridge_image_with_text_over.default\">\n\t\t\t\t<div class=\"elementor-widget-container\">\n\t\t\t<div class=\"q_image_with_text_over\"><div class=\"shader\" ><\/div><img decoding=\"async\" itemprop=\"image\" src=\"https:\/\/www.serix.com.pl\/wp-content\/uploads\/2024\/05\/DSC_5502-scaled.jpg\" alt=\"\" \/><div class=\"text\"><table><tr><td><i class=\"qode_icon_font_awesome_5 fa5 fa fa-magnifying-glass-dollar icon_holder fa-3x\" style=\"\" ><\/i><h3 class=\"caption \" style=\"\">OPERATOR\/OPERATORKA WTRYSKARKI<\/h3><\/td><\/tr><\/table><table><tr><td><div class=\"desc\"><p><a  itemprop=\"url\" href=\"https:\/\/www.serix.com.pl\/index.php\/home-7\/oferty-pracy\/operator-operatorka-wtryskarki\/\" target=\"_self\" data-hover-border-color='#1abc9c'  class=\"qbutton  default\" style=\"color: #ffffff; border-color: #ffffff; \">CZYTAJ WI\u0118CEJ<\/a><\/p><\/div><\/td><\/tr><\/table><\/div><\/div>\t\t<\/div>\n\t\t\t\t<\/div>\n\t\t\t\t\t<\/div>\n\t\t<\/div>\n\t\t\t\t<div class=\"elementor-column elementor-col-33 elementor-top-column elementor-element elementor-element-e7590b1\" data-id=\"e7590b1\" data-element_type=\"column\">\n\t\t\t<div class=\"elementor-widget-wrap elementor-element-populated\">\n\t\t\t\t\t\t<div class=\"elementor-element elementor-element-b0bd14d elementor-widget elementor-widget-bridge_image_with_text_over\" data-id=\"b0bd14d\" data-element_type=\"widget\" data-widget_type=\"bridge_image_with_text_over.default\">\n\t\t\t\t<div class=\"elementor-widget-container\">\n\t\t\t<div class=\"q_image_with_text_over\"><div class=\"shader\" ><\/div><img decoding=\"async\" itemprop=\"image\" src=\"https:\/\/www.serix.com.pl\/wp-content\/uploads\/2024\/05\/DSC_5502-scaled.jpg\" alt=\"\" \/><div class=\"text\"><table><tr><td><i class=\"qode_icon_font_awesome_5 fa5 fa fa-magnifying-glass-dollar icon_holder fa-3x\" style=\"\" ><\/i><h3 class=\"caption \" style=\"\">POMOCNIK USTAWIACZA WTRYSKARKI<\/h3><\/td><\/tr><\/table><table><tr><td><div class=\"desc\"><p><a  itemprop=\"url\" href=\"https:\/\/www.serix.com.pl\/index.php\/home-7\/oferty-pracy\/pomocnik-ustawiacza-wtryskarki\/\" target=\"_self\" data-hover-border-color='#1abc9c'  class=\"qbutton  default\" style=\"color: #ffffff; border-color: #ffffff; \">CZYTAJ WI\u0118CEJ<\/a><\/p><\/div><\/td><\/tr><\/table><\/div><\/div>\t\t<\/div>\n\t\t\t\t<\/div>\n\t\t\t\t\t<\/div>\n\t\t<\/div>\n\t\t\t\t<div class=\"elementor-column elementor-col-33 elementor-top-column elementor-element elementor-element-eea6a97\" data-id=\"eea6a97\" data-element_type=\"column\">\n\t\t\t<div class=\"elementor-widget-wrap elementor-element-populated\">\n\t\t\t\t\t\t<div class=\"elementor-element elementor-element-eed2d36 elementor-widget elementor-widget-bridge_image_with_text_over\" data-id=\"eed2d36\" data-element_type=\"widget\" data-widget_type=\"bridge_image_with_text_over.default\">\n\t\t\t\t<div class=\"elementor-widget-container\">\n\t\t\t<div class=\"q_image_with_text_over\"><div class=\"shader\" ><\/div><img decoding=\"async\" itemprop=\"image\" src=\"https:\/\/www.serix.com.pl\/wp-content\/uploads\/2024\/05\/DSC_5502-scaled.jpg\" alt=\"\" \/><div class=\"text\"><table><tr><td><i class=\"qode_icon_font_awesome_5 fa5 fa fa-magnifying-glass-dollar icon_holder fa-3x\" style=\"\" ><\/i><h3 class=\"caption \" style=\"\">\u015aLUSARZ NARZ\u0118DZIOWY<\/h3><\/td><\/tr><\/table><table><tr><td><div class=\"desc\"><p><a  itemprop=\"url\" href=\"https:\/\/www.serix.com.pl\/index.php\/home-7\/oferty-pracy\/slusarz-narzedziowy\/\" target=\"_self\" data-hover-border-color='#1abc9c'  class=\"qbutton  default\" style=\"color: #ffffff; border-color: #ffffff; \">CZYTAJ WI\u0118CEJ<\/a><\/p><\/div><\/td><\/tr><\/table><\/div><\/div>\t\t<\/div>\n\t\t\t\t<\/div>\n\t\t\t\t\t<\/div>\n\t\t<\/div>\n\t\t\t\t\t<\/div>\n\t\t<\/section>\n\t\t\t\t<section class=\"elementor-section elementor-top-section elementor-element elementor-element-16971a0 qode_elementor_container_inner elementor-section-boxed elementor-section-height-default elementor-section-height-default parallax_section_no\" data-id=\"16971a0\" data-element_type=\"section\" data-settings=\"{&quot;background_background&quot;:&quot;classic&quot;}\">\n\t\t\t\t\t\t<div class=\"elementor-container elementor-column-gap-default\">\n\t\t\t\t\t<div class=\"elementor-column elementor-col-33 elementor-top-column elementor-element elementor-element-2f8feb2\" data-id=\"2f8feb2\" data-element_type=\"column\">\n\t\t\t<div class=\"elementor-widget-wrap elementor-element-populated\">\n\t\t\t\t\t\t<div class=\"elementor-element elementor-element-f2dcbd9 elementor-widget elementor-widget-bridge_image_with_text_over\" data-id=\"f2dcbd9\" data-element_type=\"widget\" data-widget_type=\"bridge_image_with_text_over.default\">\n\t\t\t\t<div class=\"elementor-widget-container\">\n\t\t\t<div class=\"q_image_with_text_over\"><div class=\"shader\" ><\/div><img decoding=\"async\" itemprop=\"image\" src=\"https:\/\/www.serix.com.pl\/wp-content\/uploads\/2024\/05\/DSC_5502-scaled.jpg\" alt=\"\" \/><div class=\"text\"><table><tr><td><i class=\"qode_icon_font_awesome_5 fa5 fa fa-magnifying-glass-dollar icon_holder fa-3x\" style=\"\" ><\/i><h3 class=\"caption \" style=\"\">TECHNIK FORM<\/h3><\/td><\/tr><\/table><table><tr><td><div class=\"desc\"><p><a  itemprop=\"url\" href=\"https:\/\/www.serix.com.pl\/index.php\/home-7\/oferty-pracy\/technik-form\/\" target=\"_self\" data-hover-border-color='#1abc9c'  class=\"qbutton  default\" style=\"color: #ffffff; border-color: #ffffff; \">CZYTAJ WI\u0118CEJ<\/a><\/p><\/div><\/td><\/tr><\/table><\/div><\/div>\t\t<\/div>\n\t\t\t\t<\/div>\n\t\t\t\t\t<\/div>\n\t\t<\/div>\n\t\t\t\t<div class=\"elementor-column elementor-col-33 elementor-top-column elementor-element elementor-element-0bde5ba\" data-id=\"0bde5ba\" data-element_type=\"column\">\n\t\t\t<div class=\"elementor-widget-wrap elementor-element-populated\">\n\t\t\t\t\t\t<div class=\"elementor-element elementor-element-e4460c3 elementor-widget elementor-widget-bridge_image_with_text_over\" data-id=\"e4460c3\" data-element_type=\"widget\" data-widget_type=\"bridge_image_with_text_over.default\">\n\t\t\t\t<div class=\"elementor-widget-container\">\n\t\t\t<div class=\"q_image_with_text_over\"><div class=\"shader\" ><\/div><img decoding=\"async\" itemprop=\"image\" src=\"https:\/\/www.serix.com.pl\/wp-content\/uploads\/2024\/05\/DSC_5502-scaled.jpg\" alt=\"\" \/><div class=\"text\"><table><tr><td><i class=\"qode_icon_font_awesome_5 fa5 fa fa-magnifying-glass-dollar icon_holder fa-3x\" style=\"\" ><\/i><h3 class=\"caption \" style=\"\">TECHNOLOG<\/h3><\/td><\/tr><\/table><table><tr><td><div class=\"desc\"><p><a  itemprop=\"url\" href=\"https:\/\/www.serix.com.pl\/index.php\/home-7\/oferty-pracy\/technolog\/\" target=\"_self\" data-hover-border-color='#1abc9c'  class=\"qbutton  default\" style=\"color: #ffffff; border-color: #ffffff; \">CZYTAJ WI\u0118CEJ<\/a><\/p><\/div><\/td><\/tr><\/table><\/div><\/div>\t\t<\/div>\n\t\t\t\t<\/div>\n\t\t\t\t\t<\/div>\n\t\t<\/div>\n\t\t\t\t<div class=\"elementor-column elementor-col-33 elementor-top-column elementor-element elementor-element-cc55cc4\" data-id=\"cc55cc4\" data-element_type=\"column\">\n\t\t\t<div class=\"elementor-widget-wrap elementor-element-populated\">\n\t\t\t\t\t\t<div class=\"elementor-element elementor-element-617c069 elementor-widget elementor-widget-bridge_image_with_text_over\" data-id=\"617c069\" data-element_type=\"widget\" data-widget_type=\"bridge_image_with_text_over.default\">\n\t\t\t\t<div class=\"elementor-widget-container\">\n\t\t\t<div class=\"q_image_with_text_over\"><div class=\"shader\" ><\/div><img decoding=\"async\" itemprop=\"image\" src=\"https:\/\/www.serix.com.pl\/wp-content\/uploads\/2024\/05\/DSC_5502-scaled.jpg\" alt=\"\" \/><div class=\"text\"><table><tr><td><i class=\"qode_icon_font_awesome_5 fa5 fa fa-magnifying-glass-dollar icon_holder fa-3x\" style=\"\" ><\/i><h3 class=\"caption \" style=\"\">USTAWIACZ WTRYSKAREK<\/h3><\/td><\/tr><\/table><table><tr><td><div class=\"desc\"><p><a  itemprop=\"url\" href=\"https:\/\/www.serix.com.pl\/index.php\/home-7\/oferty-pracy\/ustawiacz-wtryskarek\/\" target=\"_self\" data-hover-border-color='#1abc9c'  class=\"qbutton  default\" style=\"color: #ffffff; border-color: #ffffff; \">CZYTAJ WI\u0118CEJ<\/a><\/p><\/div><\/td><\/tr><\/table><\/div><\/div>\t\t<\/div>\n\t\t\t\t<\/div>\n\t\t\t\t\t<\/div>\n\t\t<\/div>\n\t\t\t\t\t<\/div>\n\t\t<\/section>\n\t\t\t\t<section class=\"elementor-section elementor-top-section elementor-element elementor-element-6d7a7e3 qode_elementor_container_inner elementor-section-boxed elementor-section-height-default elementor-section-height-default parallax_section_no\" data-id=\"6d7a7e3\" data-element_type=\"section\" data-settings=\"{&quot;background_background&quot;:&quot;classic&quot;}\">\n\t\t\t\t\t\t<div class=\"elementor-container elementor-column-gap-default\">\n\t\t\t\t\t<div class=\"elementor-column elementor-col-33 elementor-top-column elementor-element elementor-element-383a819\" data-id=\"383a819\" data-element_type=\"column\">\n\t\t\t<div class=\"elementor-widget-wrap elementor-element-populated\">\n\t\t\t\t\t\t<div class=\"elementor-element elementor-element-f538134 elementor-widget elementor-widget-bridge_image_with_text_over\" data-id=\"f538134\" data-element_type=\"widget\" data-widget_type=\"bridge_image_with_text_over.default\">\n\t\t\t\t<div class=\"elementor-widget-container\">\n\t\t\t<div class=\"q_image_with_text_over\"><div class=\"shader\" ><\/div><img decoding=\"async\" itemprop=\"image\" src=\"https:\/\/www.serix.com.pl\/wp-content\/uploads\/2024\/05\/DSC_5502-scaled.jpg\" alt=\"\" \/><div class=\"text\"><table><tr><td><i class=\"qode_icon_font_awesome_5 fa5 fa fa-magnifying-glass-dollar icon_holder fa-3x\" style=\"\" ><\/i><h3 class=\"caption \" style=\"\">KIEROWNIK ZMIANY<\/h3><\/td><\/tr><\/table><table><tr><td><div class=\"desc\"><p><a  itemprop=\"url\" href=\"https:\/\/www.serix.com.pl\/index.php\/home-7\/oferty-pracy\/kierownik-zmiany\/\" target=\"_self\" data-hover-border-color='#1abc9c'  class=\"qbutton  default\" style=\"color: #ffffff; border-color: #ffffff; \">CZYTAJ WI\u0118CEJ<\/a><\/p><\/div><\/td><\/tr><\/table><\/div><\/div>\t\t<\/div>\n\t\t\t\t<\/div>\n\t\t\t\t\t<\/div>\n\t\t<\/div>\n\t\t\t\t<div class=\"elementor-column elementor-col-33 elementor-top-column elementor-element elementor-element-e9a5d64\" data-id=\"e9a5d64\" data-element_type=\"column\">\n\t\t\t<div class=\"elementor-widget-wrap\">\n\t\t\t\t\t\t\t<\/div>\n\t\t<\/div>\n\t\t\t\t<div class=\"elementor-column elementor-col-33 elementor-top-column elementor-element elementor-element-baae2a0\" data-id=\"baae2a0\" data-element_type=\"column\">\n\t\t\t<div class=\"elementor-widget-wrap\">\n\t\t\t\t\t\t\t<\/div>\n\t\t<\/div>\n\t\t\t\t\t<\/div>\n\t\t<\/section>\n\t\t<div class=\"elementor-element elementor-element-b5d63d7 e-flex e-con-boxed parallax_section_no qode_elementor_container_no e-con e-parent\" data-id=\"b5d63d7\" data-element_type=\"container\" data-settings=\"{&quot;background_background&quot;:&quot;classic&quot;}\">\n\t\t\t\t\t<div class=\"e-con-inner\">\n\t\t\t\t<div class=\"elementor-element elementor-element-a973dce elementor-widget elementor-widget-heading\" data-id=\"a973dce\" data-element_type=\"widget\" data-widget_type=\"heading.default\">\n\t\t\t\t<div class=\"elementor-widget-container\">\n\t\t\t<h2 class=\"elementor-heading-title elementor-size-default\">KARIERA SPONTANICZNA<\/h2>\t\t<\/div>\n\t\t\t\t<\/div>\n\t\t\t\t<div class=\"elementor-element elementor-element-b28903e elementor-widget elementor-widget-text-editor\" data-id=\"b28903e\" data-element_type=\"widget\" data-widget_type=\"text-editor.default\">\n\t\t\t\t<div class=\"elementor-widget-container\">\n\t\t\t<style>\/*! elementor - v3.23.0 - 15-07-2024 *\/\n.elementor-widget-text-editor.elementor-drop-cap-view-stacked .elementor-drop-cap{background-color:#69727d;color:#fff}.elementor-widget-text-editor.elementor-drop-cap-view-framed .elementor-drop-cap{color:#69727d;border:3px solid;background-color:transparent}.elementor-widget-text-editor:not(.elementor-drop-cap-view-default) .elementor-drop-cap{margin-top:8px}.elementor-widget-text-editor:not(.elementor-drop-cap-view-default) .elementor-drop-cap-letter{width:1em;height:1em}.elementor-widget-text-editor .elementor-drop-cap{float:left;text-align:center;line-height:1;font-size:50px}.elementor-widget-text-editor .elementor-drop-cap-letter{display:inline-block}<\/style>\t\t\t\t<p>Je\u015bli nie widzisz tu oferty dla siebie, ale chcia\u0142by\u015b by\u0107 cz\u0119\u015bci\u0105 naszego zespo\u0142u, to nie czekaj! Po prostu prze\u015blij nam swoje CV. Ka\u017cda aplikacja jest dla nas wa\u017cna, bez wzgl\u0119du na do\u015bwiadczenie. Mo\u017ce w\u0142a\u015bnie Ty b\u0119dziesz naszym idealnym kandydatem! Do\u0142\u0105cz do nas i zobacz, co przyniesie przysz\u0142o\u015b\u0107.<\/p>\t\t\t\t\t\t<\/div>\n\t\t\t\t<\/div>\n\t\t\t\t<div class=\"elementor-element elementor-element-2dea2e0 elementor-widget elementor-widget-bridge_button\" data-id=\"2dea2e0\" data-element_type=\"widget\" data-widget_type=\"bridge_button.default\">\n\t\t\t\t<div class=\"elementor-widget-container\">\n\t\t\t<a  itemprop=\"url\" href=\"https:\/\/www.serix.com.pl\/index.php\/home-7\/oferty-pracy\/formularz-cv\/\" target=\"_self\" data-hover-background-color='#ffffff' data-hover-border-color='#1abc9c' data-hover-color='#1abc9c' class=\"qbutton  large default\" style=\"color: #ffffff; border-color: #1abc9c; background-color: #1abc9c;\">Prze\u015blij Swoj\u0105 Aplikacj\u0119<\/a>\t\t<\/div>\n\t\t\t\t<\/div>\n\t\t\t\t\t<\/div>\n\t\t\t\t<\/div>\n\t\t\t\t<\/div>\n\t\t","protected":false},"excerpt":{"rendered":"<p>2 Siedziby firmy Serix 40 Lat na rynku 250 Zatrudnionych Pracownik\u00f3w Aktualne oferty pracy Elektryk UTR CZYTAJ WI\u0118CEJ Kierownik WPTS CZYTAJ WI\u0118CEJ Mechanik UTR CZYTAJ WI\u0118CEJ OPERATOR\/OPERATORKA WTRYSKARKI CZYTAJ WI\u0118CEJ POMOCNIK USTAWIACZA WTRYSKARKI CZYTAJ WI\u0118CEJ \u015aLUSARZ NARZ\u0118DZIOWY CZYTAJ WI\u0118CEJ TECHNIK FORM CZYTAJ WI\u0118CEJ TECHNOLOG CZYTAJ&#8230;<\/p>\n","protected":false},"author":1,"featured_media":0,"parent":14468,"menu_order":0,"comment_status":"closed","ping_status":"closed","template":"full_width.php","meta":{"content-type":"","footnotes":""},"class_list":["post-2368","page","type-page","status-publish","hentry"],"_links":{"self":[{"href":"https:\/\/www.serix.com.pl\/index.php\/wp-json\/wp\/v2\/pages\/2368","targetHints":{"allow":["GET"]}}],"collection":[{"href":"https:\/\/www.serix.com.pl\/index.php\/wp-json\/wp\/v2\/pages"}],"about":[{"href":"https:\/\/www.serix.com.pl\/index.php\/wp-json\/wp\/v2\/types\/page"}],"author":[{"embeddable":true,"href":"https:\/\/www.serix.com.pl\/index.php\/wp-json\/wp\/v2\/users\/1"}],"replies":[{"embeddable":true,"href":"https:\/\/www.serix.com.pl\/index.php\/wp-json\/wp\/v2\/comments?post=2368"}],"version-history":[{"count":0,"href":"https:\/\/www.serix.com.pl\/index.php\/wp-json\/wp\/v2\/pages\/2368\/revisions"}],"up":[{"embeddable":true,"href":"https:\/\/www.serix.com.pl\/index.php\/wp-json\/wp\/v2\/pages\/14468"}],"wp:attachment":[{"href":"https:\/\/www.serix.com.pl\/index.php\/wp-json\/wp\/v2\/media?parent=2368"}],"curies":[{"name":"wp","href":"https:\/\/api.w.org\/{rel}","templated":true}]}}